{"id":17760,"date":"2024-08-29T08:39:16","date_gmt":"2024-08-29T06:39:16","guid":{"rendered":"https:\/\/znaksagite.com\/knjizara\/?page_id=17760"},"modified":"2025-10-21T11:40:27","modified_gmt":"2025-10-21T09:40:27","slug":"pocetna","status":"publish","type":"page","link":"https:\/\/www.znaksagite.com\/knjizara\/","title":{"rendered":"Po\u010detna"},"content":{"rendered":"\t\t<div data-elementor-type=\"wp-page\" data-elementor-id=\"17760\" class=\"elementor elementor-17760\" data-elementor-post-type=\"page\">\n\t\t\t\t<div class=\"elementor-element elementor-element-acd0e2e e-con-full e-flex e-con e-parent\" data-id=\"acd0e2e\" data-element_type=\"container\">\n\t\t<div class=\"elementor-element elementor-element-a4f42bd e-con-full e-flex e-con e-child\" data-id=\"a4f42bd\" data-element_type=\"container\">\n\t\t\t\t<\/div>\n\t\t<div class=\"elementor-element elementor-element-95f17d3 e-con-full e-flex e-con e-child\" data-id=\"95f17d3\" data-element_type=\"container\">\n\t\t\t\t<div class=\"elementor-element elementor-element-1ac7815 elementor-widget elementor-widget-heading\" data-id=\"1ac7815\" data-element_type=\"widget\" data-widget_type=\"heading.default\">\n\t\t\t\t<div class=\"elementor-widget-container\">\n\t\t\t\t\t<h1 class=\"elementor-heading-title elementor-size-default\">ZNAK SAGITE - \u010cUDNA KNJI\u017dARA<\/h1>\t\t\t\t<\/div>\n\t\t\t\t<\/div>\n\t\t<div class=\"elementor-element elementor-element-38e2ec5 e-con-full e-flex e-con e-child\" data-id=\"38e2ec5\" data-element_type=\"container\">\n\t\t\t\t<div class=\"elementor-element elementor-element-c5f170f elementor-widget elementor-widget-shortcode\" data-id=\"c5f170f\" data-element_type=\"widget\" data-widget_type=\"shortcode.default\">\n\t\t\t\t<div class=\"elementor-widget-container\">\n\t\t\t\t\t\t\t<div class=\"elementor-shortcode\">    <div class=\"nw-wc-filters\">\n        <div class=\"nw-wc-filters__row\">\n            <label>\n                <span>Kategorija<\/span>\n                <select id=\"nw-filter-category\">\n                    <option value=\"\">Sve kategorije<\/option>\n                                            <option value=\"antologije-izbori\">\n                            Antologije \/ Izbori                        <\/option>\n                                            <option value=\"casopisi\">\n                            \u010casopisi                        <\/option>\n                                            <option value=\"domace-zbirke\">\n                            DOMA\u0106E ZBIRKE                        <\/option>\n                                            <option value=\"domaci-romani\">\n                            DOMA\u0106I ROMANI                        <\/option>\n                                            <option value=\"fototipska-izdanja\">\n                            Fototipska izdanja                        <\/option>\n                                            <option value=\"ostalo\">\n                            Ostalo                        <\/option>\n                                            <option value=\"strane-zbirke\">\n                            STRANE ZBIRKE                        <\/option>\n                                            <option value=\"strani-romani\">\n                            STRANI ROMANI                        <\/option>\n                                            <option value=\"stripovi\">\n                            Stripovi                        <\/option>\n                                            <option value=\"teorija\">\n                            TEORIJA                        <\/option>\n                                    <\/select>\n            <\/label>\n\n            <label>\n                <span>Autor<\/span>\n                <select id=\"nw-filter-author\">\n                    <option value=\"\">Svi autori<\/option>\n                                            <option value=\"aleksandar-b-nedeljkovic\">\n                            Aleksandar B. Nedeljkovi\u0107                        <\/option>\n                                            <option value=\"anne-mccaffrey\">\n                            Anne McCaffrey                        <\/option>\n                                            <option value=\"artur-klark\">\n                            Artur Klark                        <\/option>\n                                            <option value=\"boban-knezevic\">\n                            Boban Kne\u017eevi\u0107                        <\/option>\n                                            <option value=\"brus-sterling\">\n                            Brus Sterling                        <\/option>\n                                            <option value=\"caslav-kuzmanovic\">\n                            \u010caslav Kuzmanovi\u0107                        <\/option>\n                                            <option value=\"christopher-priest\">\n                            Christopher Priest                        <\/option>\n                                            <option value=\"david-r-palmer\">\n                            David R. Palmer                        <\/option>\n                                            <option value=\"dejvid-brin\">\n                            Dejvid Brin                        <\/option>\n                                            <option value=\"den-simons\">\n                            Den Simons                        <\/option>\n                                            <option value=\"dragan-r-filipovic\">\n                            Dragan R. Filipovi\u0107                        <\/option>\n                                            <option value=\"dzin-volf\">\n                            D\u017ein Volf                        <\/option>\n                                            <option value=\"dzoan-vindz\">\n                            D\u017eoan Vind\u017e                        <\/option>\n                                            <option value=\"filip-k-dik\">\n                            Filip K. Dik                        <\/option>\n                                            <option value=\"franko-busic\">\n                            Franko Bu\u0161i\u0107                        <\/option>\n                                            <option value=\"frederik-pol\">\n                            Frederik Pol                        <\/option>\n                                            <option value=\"gi-maestrasi\">\n                            Gi Maestrasi                        <\/option>\n                                            <option value=\"greg-ber\">\n                            Greg Ber                        <\/option>\n                                            <option value=\"gregori-benford\">\n                            Gregori Benford                        <\/option>\n                                            <option value=\"gregory-benford\">\n                            Gregory Benford                        <\/option>\n                                            <option value=\"hana-younis\">\n                            Hana Younis                        <\/option>\n                                            <option value=\"ilija-bakic\">\n                            Ilija Baki\u0107                        <\/option>\n                                            <option value=\"isak-asimov\">\n                            Isak Asimov                        <\/option>\n                                            <option value=\"isak-asimov-robert-silverberg\">\n                            Isak Asimov &amp; Robert Silverberg                        <\/option>\n                                            <option value=\"james-tiptree-jr\">\n                            James Tiptree Jr.                        <\/option>\n                                            <option value=\"kevin-w-jeter\">\n                            Kevin W. Jeter                        <\/option>\n                                            <option value=\"kim-stenli-robinson\">\n                            Kim Stenli Robinson                        <\/option>\n                                            <option value=\"kliford-simak\">\n                            Kliford Simak                        <\/option>\n                                            <option value=\"lari-niven\">\n                            Lari Niven                        <\/option>\n                                            <option value=\"lucius-shepard\">\n                            Lucius Shepard                        <\/option>\n                                            <option value=\"m-d-russell\">\n                            M.D.Russell                        <\/option>\n                                            <option value=\"merion-cimer-bredli\">\n                            Merion Cimer Bredli                        <\/option>\n                                            <option value=\"miodrag-milovanovic\">\n                            Miodrag Milovanovi\u0107                        <\/option>\n                                            <option value=\"mirjana-novakovic\">\n                            Mirjana Novakovi\u0107                        <\/option>\n                                            <option value=\"neil-stephenson\">\n                            Neil Stephenson                        <\/option>\n                                            <option value=\"orson-skot-kard\">\n                            Orson Skot Kard                        <\/option>\n                                            <option value=\"philip-k-dick\">\n                            Philip K. Dick                        <\/option>\n                                            <option value=\"pol-anderson\">\n                            Pol Anderson                        <\/option>\n                                            <option value=\"radmilo-andjelkovic\">\n                            Radmilo An\u0111elkovi\u0107                        <\/option>\n                                            <option value=\"ray-bradbury\">\n                            Ray Bradbury                        <\/option>\n                                            <option value=\"rej-bredberi\">\n                            Rej Bredberi                        <\/option>\n                                            <option value=\"richard-kadrey\">\n                            Richard Kadrey                        <\/option>\n                                            <option value=\"robert-silverberg\">\n                            Robert Silverberg                        <\/option>\n                                            <option value=\"roger-zelazny\">\n                            Roger Zelazny                        <\/option>\n                                            <option value=\"samuel-r-delany\">\n                            Samuel R. Delany                        <\/option>\n                                            <option value=\"snezana-djokic\">\n                            Sne\u017eana \u0110oki\u0107                        <\/option>\n                                            <option value=\"stephen-king\">\n                            Stephen King                        <\/option>\n                                            <option value=\"ursula-legvin\">\n                            Ursula Legvin                        <\/option>\n                                            <option value=\"vladimir-kolaric\">\n                            Vladimir Kolari\u0107                        <\/option>\n                                            <option value=\"volter-m-miler\">\n                            Volter M. Miler                        <\/option>\n                                    <\/select>\n            <\/label>\n\n            <button id=\"nw-filter-reset\" type=\"button\">Resetuj<\/button>\n        <\/div>\n\n        <div id=\"nw-filter-results\" class=\"nw-wc-filters__results\" data-page=\"1\" aria-live=\"polite\">\n            <!-- Ovde sti\u017eu proizvodi preko AJAX-a -->\n        <\/div>\n\n        <div class=\"nw-wc-filters__pagination\">\n            <button id=\"nw-filter-loadmore\" type=\"button\" hidden>U\u010ditaj jo\u0161<\/button>\n        <\/div>\n    <\/div>\n    <\/div>\n\t\t\t\t\t\t<\/div>\n\t\t\t\t<\/div>\n\t\t\t\t<\/div>\n\t\t\t\t<\/div>\n\t\t\t\t<\/div>\n\t\t<div class=\"elementor-element elementor-element-22cfa7b e-flex e-con-boxed e-con e-parent\" data-id=\"22cfa7b\" data-element_type=\"container\">\n\t\t\t\t\t<div class=\"e-con-inner\">\n\t\t\t\t\t<\/div>\n\t\t\t\t<\/div>\n\t\t\t\t<\/div>\n\t\t","protected":false},"excerpt":{"rendered":"<p>ZNAK SAGITE &#8211; \u010cUDNA KNJI\u017dARA<\/p>\n","protected":false},"author":1,"featured_media":0,"parent":0,"menu_order":0,"comment_status":"closed","ping_status":"closed","template":"elementor_theme","meta":{"footnotes":""},"class_list":["post-17760","page","type-page","status-publish","hentry"],"yoast_head":"<!-- This site is optimized with the Yoast SEO plugin v26.6 - https:\/\/yoast.com\/wordpress\/plugins\/seo\/ -->\n<title>Po\u010detna - \u010cudna knji\u017eara<\/title>\n<meta name=\"robots\" content=\"index, follow, max-snippet:-1, max-image-preview:large, max-video-preview:-1\" \/>\n<link rel=\"canonical\" href=\"https:\/\/www.znaksagite.com\/knjizara\/\" \/>\n<meta property=\"og:locale\" content=\"sr_RS\" \/>\n<meta property=\"og:type\" content=\"article\" \/>\n<meta property=\"og:title\" content=\"Po\u010detna - \u010cudna knji\u017eara\" \/>\n<meta property=\"og:description\" content=\"ZNAK SAGITE &#8211; \u010cUDNA KNJI\u017dARA\" \/>\n<meta property=\"og:url\" content=\"https:\/\/www.znaksagite.com\/knjizara\/\" \/>\n<meta property=\"og:site_name\" content=\"\u010cudna knji\u017eara\" \/>\n<meta property=\"article:modified_time\" content=\"2025-10-21T09:40:27+00:00\" \/>\n<meta name=\"twitter:card\" content=\"summary_large_image\" \/>\n<meta name=\"twitter:label1\" content=\"Procenjeno vreme \u010ditanja\" \/>\n\t<meta name=\"twitter:data1\" content=\"1 minut\" \/>\n<script type=\"application\/ld+json\" class=\"yoast-schema-graph\">{\"@context\":\"https:\/\/schema.org\",\"@graph\":[{\"@type\":\"WebPage\",\"@id\":\"https:\/\/www.znaksagite.com\/knjizara\/\",\"url\":\"https:\/\/www.znaksagite.com\/knjizara\/\",\"name\":\"Po\u010detna - \u010cudna knji\u017eara\",\"isPartOf\":{\"@id\":\"https:\/\/www.znaksagite.com\/knjizara\/#website\"},\"datePublished\":\"2024-08-29T06:39:16+00:00\",\"dateModified\":\"2025-10-21T09:40:27+00:00\",\"breadcrumb\":{\"@id\":\"https:\/\/www.znaksagite.com\/knjizara\/#breadcrumb\"},\"inLanguage\":\"sr-RS\",\"potentialAction\":[{\"@type\":\"ReadAction\",\"target\":[\"https:\/\/www.znaksagite.com\/knjizara\/\"]}]},{\"@type\":\"BreadcrumbList\",\"@id\":\"https:\/\/www.znaksagite.com\/knjizara\/#breadcrumb\",\"itemListElement\":[{\"@type\":\"ListItem\",\"position\":1,\"name\":\"Po\u010detna\",\"item\":\"https:\/\/www.znaksagite.com\/knjizara\/\"},{\"@type\":\"ListItem\",\"position\":2,\"name\":\"Po\u010detna\"}]},{\"@type\":\"WebSite\",\"@id\":\"https:\/\/www.znaksagite.com\/knjizara\/#website\",\"url\":\"https:\/\/www.znaksagite.com\/knjizara\/\",\"name\":\"\u010cudna knji\u017eara - online knji\u017eara\",\"description\":\"online knjzara\",\"publisher\":{\"@id\":\"https:\/\/www.znaksagite.com\/knjizara\/#organization\"},\"potentialAction\":[{\"@type\":\"SearchAction\",\"target\":{\"@type\":\"EntryPoint\",\"urlTemplate\":\"https:\/\/www.znaksagite.com\/knjizara\/?s={search_term_string}\"},\"query-input\":{\"@type\":\"PropertyValueSpecification\",\"valueRequired\":true,\"valueName\":\"search_term_string\"}}],\"inLanguage\":\"sr-RS\"},{\"@type\":\"Organization\",\"@id\":\"https:\/\/www.znaksagite.com\/knjizara\/#organization\",\"name\":\"\u010cudna knji\u017eara\",\"url\":\"https:\/\/www.znaksagite.com\/knjizara\/\",\"logo\":{\"@type\":\"ImageObject\",\"inLanguage\":\"sr-RS\",\"@id\":\"https:\/\/www.znaksagite.com\/knjizara\/#\/schema\/logo\/image\/\",\"url\":\"https:\/\/www.znaksagite.com\/knjizara\/wp-content\/uploads\/2024\/09\/cudna-knjiga-logo.webp\",\"contentUrl\":\"https:\/\/www.znaksagite.com\/knjizara\/wp-content\/uploads\/2024\/09\/cudna-knjiga-logo.webp\",\"width\":150,\"height\":150,\"caption\":\"\u010cudna knji\u017eara\"},\"image\":{\"@id\":\"https:\/\/www.znaksagite.com\/knjizara\/#\/schema\/logo\/image\/\"}}]}<\/script>\n<!-- \/ Yoast SEO plugin. -->","yoast_head_json":{"title":"Po\u010detna - \u010cudna knji\u017eara","robots":{"index":"index","follow":"follow","max-snippet":"max-snippet:-1","max-image-preview":"max-image-preview:large","max-video-preview":"max-video-preview:-1"},"canonical":"https:\/\/www.znaksagite.com\/knjizara\/","og_locale":"sr_RS","og_type":"article","og_title":"Po\u010detna - \u010cudna knji\u017eara","og_description":"ZNAK SAGITE &#8211; \u010cUDNA KNJI\u017dARA","og_url":"https:\/\/www.znaksagite.com\/knjizara\/","og_site_name":"\u010cudna knji\u017eara","article_modified_time":"2025-10-21T09:40:27+00:00","twitter_card":"summary_large_image","twitter_misc":{"Procenjeno vreme \u010ditanja":"1 minut"},"schema":{"@context":"https:\/\/schema.org","@graph":[{"@type":"WebPage","@id":"https:\/\/www.znaksagite.com\/knjizara\/","url":"https:\/\/www.znaksagite.com\/knjizara\/","name":"Po\u010detna - \u010cudna knji\u017eara","isPartOf":{"@id":"https:\/\/www.znaksagite.com\/knjizara\/#website"},"datePublished":"2024-08-29T06:39:16+00:00","dateModified":"2025-10-21T09:40:27+00:00","breadcrumb":{"@id":"https:\/\/www.znaksagite.com\/knjizara\/#breadcrumb"},"inLanguage":"sr-RS","potentialAction":[{"@type":"ReadAction","target":["https:\/\/www.znaksagite.com\/knjizara\/"]}]},{"@type":"BreadcrumbList","@id":"https:\/\/www.znaksagite.com\/knjizara\/#breadcrumb","itemListElement":[{"@type":"ListItem","position":1,"name":"Po\u010detna","item":"https:\/\/www.znaksagite.com\/knjizara\/"},{"@type":"ListItem","position":2,"name":"Po\u010detna"}]},{"@type":"WebSite","@id":"https:\/\/www.znaksagite.com\/knjizara\/#website","url":"https:\/\/www.znaksagite.com\/knjizara\/","name":"\u010cudna knji\u017eara - online knji\u017eara","description":"online knjzara","publisher":{"@id":"https:\/\/www.znaksagite.com\/knjizara\/#organization"},"potentialAction":[{"@type":"SearchAction","target":{"@type":"EntryPoint","urlTemplate":"https:\/\/www.znaksagite.com\/knjizara\/?s={search_term_string}"},"query-input":{"@type":"PropertyValueSpecification","valueRequired":true,"valueName":"search_term_string"}}],"inLanguage":"sr-RS"},{"@type":"Organization","@id":"https:\/\/www.znaksagite.com\/knjizara\/#organization","name":"\u010cudna knji\u017eara","url":"https:\/\/www.znaksagite.com\/knjizara\/","logo":{"@type":"ImageObject","inLanguage":"sr-RS","@id":"https:\/\/www.znaksagite.com\/knjizara\/#\/schema\/logo\/image\/","url":"https:\/\/www.znaksagite.com\/knjizara\/wp-content\/uploads\/2024\/09\/cudna-knjiga-logo.webp","contentUrl":"https:\/\/www.znaksagite.com\/knjizara\/wp-content\/uploads\/2024\/09\/cudna-knjiga-logo.webp","width":150,"height":150,"caption":"\u010cudna knji\u017eara"},"image":{"@id":"https:\/\/www.znaksagite.com\/knjizara\/#\/schema\/logo\/image\/"}}]}},"_links":{"self":[{"href":"https:\/\/www.znaksagite.com\/knjizara\/wp-json\/wp\/v2\/pages\/17760","targetHints":{"allow":["GET"]}}],"collection":[{"href":"https:\/\/www.znaksagite.com\/knjizara\/wp-json\/wp\/v2\/pages"}],"about":[{"href":"https:\/\/www.znaksagite.com\/knjizara\/wp-json\/wp\/v2\/types\/page"}],"author":[{"embeddable":true,"href":"https:\/\/www.znaksagite.com\/knjizara\/wp-json\/wp\/v2\/users\/1"}],"replies":[{"embeddable":true,"href":"https:\/\/www.znaksagite.com\/knjizara\/wp-json\/wp\/v2\/comments?post=17760"}],"version-history":[{"count":367,"href":"https:\/\/www.znaksagite.com\/knjizara\/wp-json\/wp\/v2\/pages\/17760\/revisions"}],"predecessor-version":[{"id":20447,"href":"https:\/\/www.znaksagite.com\/knjizara\/wp-json\/wp\/v2\/pages\/17760\/revisions\/20447"}],"wp:attachment":[{"href":"https:\/\/www.znaksagite.com\/knjizara\/wp-json\/wp\/v2\/media?parent=17760"}],"curies":[{"name":"wp","href":"https:\/\/api.w.org\/{rel}","templated":true}]}}