{"id":18241,"date":"2024-09-24T17:07:29","date_gmt":"2024-09-24T15:07:29","guid":{"rendered":"https:\/\/znaksagite.com\/knjizara\/?page_id=18241"},"modified":"2025-05-22T18:23:59","modified_gmt":"2025-05-22T16:23:59","slug":"kako-kupiti","status":"publish","type":"page","link":"https:\/\/www.znaksagite.com\/knjizara\/kako-kupiti\/","title":{"rendered":"Kako kupiti?"},"content":{"rendered":"\t\t<div data-elementor-type=\"wp-page\" data-elementor-id=\"18241\" class=\"elementor elementor-18241\" data-elementor-post-type=\"page\">\n\t\t\t\t<div class=\"elementor-element elementor-element-88cbc89 e-flex e-con-boxed e-con e-parent\" data-id=\"88cbc89\" data-element_type=\"container\" data-settings=\"{&quot;background_background&quot;:&quot;classic&quot;}\">\n\t\t\t\t\t<div class=\"e-con-inner\">\n\t\t\t\t<div class=\"elementor-element elementor-element-5844ac2 elementor-align-left elementor-widget elementor-widget-breadcrumbs\" data-id=\"5844ac2\" data-element_type=\"widget\" data-widget_type=\"breadcrumbs.default\">\n\t\t\t\t<div class=\"elementor-widget-container\">\n\t\t\t\t\t<span id=\"breadcrumbs\"><span><span><a href=\"https:\/\/www.znaksagite.com\/knjizara\/\">Po\u010detna<\/a><\/span><\/span><\/span>\t\t\t\t<\/div>\n\t\t\t\t<\/div>\n\t\t\t\t\t<\/div>\n\t\t\t\t<\/div>\n\t\t<div class=\"elementor-element elementor-element-2e58a75 e-flex e-con-boxed e-con e-parent\" data-id=\"2e58a75\" data-element_type=\"container\">\n\t\t\t\t\t<div class=\"e-con-inner\">\n\t\t\t\t<div class=\"elementor-element elementor-element-0b09da4 elementor-widget elementor-widget-text-editor\" data-id=\"0b09da4\" data-element_type=\"widget\" data-widget_type=\"text-editor.default\">\n\t\t\t\t<div class=\"elementor-widget-container\">\n\t\t\t\t\t\t\t\t\t<p class=\"style16\">Nalazite se na po\u010detnoj stranici informativno-zabavno-prodajne knji\u017eare koja nosi predznak \u010cUDNA. Pre svega, u ponudi su SF&amp;F naslovi vezani za moje izdava\u0161tvo, uredni\u0161tvo i saradnju, kao i knjige mojih poznanika i drugara i jo\u0161 raznih nekih izdanja koja su se zatekla u blizini. Tako\u0111e, tu su i knjige manjih i nepoznatih i nepostoje\u0107ih izdava\u010da, re\u0111a izdanja, stara izdanja, antikvarne knjige, kao i fototipska izdanja raritetnih naslova i jo\u0161 neke potpuno bizarne stvari poput romana izdatog u tri primerka ili fototipija nikad iza\u0161log broja \u010dasopisa. I s\u00e2m status ponu\u0111enih knjiga je promenljiv: nekih naslova povremeno ima, nekih povremeno nema, neki su prisutni u neograni\u010denim koli\u010dinama, dok su drugi zastupljeni tek sa pokojim primerkom; i sve je to podlo\u017eno promenama, mada ima i knjiga u ponudi koje zapravo niti su dostupne niti \u0107e ikada to postati. Neke knjige su originali, neke falsifikati, neke uop\u0161te i nisu knjige; ve\u0107inom su o\u010duvane i nekori\u0161\u0107ene, mada ima i iscepanih, nekompletnih i umusavljenih, \u0161to \u0107e biti konkretno nazna\u010deno kod svakog naslova gde postoji manjkavost bilo kog tipa.<\/p><p class=\"style16\">Sve knjige u ponudi su moje privatno vlasni\u0161tvo i predvi\u0111eno je da ih kupuju samo fizi\u010dka lica na slede\u0107e na\u010dine:<\/p><ul><li class=\"style16\"><strong>PO\u0160TOM<\/strong> \u2014\u00a0 Izaberete naslove ubacivanjem u korpu, dodate 300 dinara za isporuku (sajt automatski to sabira), iznos uplatite na ra\u010dun Ivane Kne\u017eevi\u0107 (Raiffeisen: 265-7152889-68) i u roku od nekoliko dana knjige vam stignu kurirskom isporukom Post ekspres &#8211; ni\u0161ta ne pla\u0107ate kod prijema.<\/li><li class=\"style16\"><strong>LI\u010cNO<\/strong> \u2014 Posetom knji\u017eari (Bulevar Zorana \u0110in\u0111i\u0107a 137 i po \u2014 nekoliko stotina metara od novog Merkatora) i odabirom naslova na licu mesta, uz prethodni telefonski dogovor (064\/8441526) po\u0161to se knji\u017eara otvara samo po potrebi.<\/li><li class=\"style16\"><strong>KNJI\u017dARA ZNAK SAGITE<\/strong> \u2014 De\u010danska 5a (podzemni prolaz kod Doma Omladine) u okviru koje se pored mnogih drugih mogu dobiti i ovi naslovi po istim cenama.<\/li><li class=\"style16\"><strong>ISPORUKOM<\/strong> \u2014 na odre\u0111enu adresu ukoliko se dogovorimo oko toga, va\u017ei za Beograd ali i za druge gradove kada se u njima zateknem.<\/li><li class=\"style16\"><strong>KUPCI IZ INOSTRANSTVA<\/strong> \u2014 Imamo re\u0161enja prakti\u010dno za sve zemlje sveta, s tim da je po\u0161tarina uglavnom poprili\u010dna stavka osim za Hrvatsku i Bosnu gde postoji i mogu\u0107nost pla\u0107anja u lokalnoj valuti. U svakom slu\u010daju, kontaktirajte me na mejl <a href=\"mailto:znaksagite@yahoo.com\">znaksagite@yahoo.com<\/a> za dodatne informacije.<\/li><\/ul>\t\t\t\t\t\t\t\t<\/div>\n\t\t\t\t<\/div>\n\t\t\t\t\t<\/div>\n\t\t\t\t<\/div>\n\t\t\t\t<\/div>\n\t\t","protected":false},"excerpt":{"rendered":"<p>Nalazite se na po\u010detnoj stranici informativno-zabavno-prodajne knji\u017eare koja nosi predznak \u010cUDNA. Pre svega, u ponudi su SF&amp;F naslovi vezani za moje izdava\u0161tvo, uredni\u0161tvo i saradnju, kao i knjige mojih poznanika i drugara i jo\u0161 raznih nekih izdanja koja su se zatekla u blizini. Tako\u0111e, tu su i knjige manjih i nepoznatih i nepostoje\u0107ih izdava\u010da, re\u0111a [&hellip;]<\/p>\n","protected":false},"author":1,"featured_media":0,"parent":0,"menu_order":0,"comment_status":"closed","ping_status":"closed","template":"","meta":{"footnotes":""},"class_list":["post-18241","page","type-page","status-publish","hentry"],"yoast_head":"<!-- This site is optimized with the Yoast SEO plugin v26.6 - https:\/\/yoast.com\/wordpress\/plugins\/seo\/ -->\n<title>Kako kupiti? - \u010cudna knji\u017eara<\/title>\n<meta name=\"robots\" content=\"index, follow, max-snippet:-1, max-image-preview:large, max-video-preview:-1\" \/>\n<link rel=\"canonical\" href=\"https:\/\/znaksagite.com\/knjizara\/kako-kupiti\/\" \/>\n<meta property=\"og:locale\" content=\"sr_RS\" \/>\n<meta property=\"og:type\" content=\"article\" \/>\n<meta property=\"og:title\" content=\"Kako kupiti? - \u010cudna knji\u017eara\" \/>\n<meta property=\"og:description\" content=\"Nalazite se na po\u010detnoj stranici informativno-zabavno-prodajne knji\u017eare koja nosi predznak \u010cUDNA. Pre svega, u ponudi su SF&amp;F naslovi vezani za moje izdava\u0161tvo, uredni\u0161tvo i saradnju, kao i knjige mojih poznanika i drugara i jo\u0161 raznih nekih izdanja koja su se zatekla u blizini. Tako\u0111e, tu su i knjige manjih i nepoznatih i nepostoje\u0107ih izdava\u010da, re\u0111a [&hellip;]\" \/>\n<meta property=\"og:url\" content=\"https:\/\/znaksagite.com\/knjizara\/kako-kupiti\/\" \/>\n<meta property=\"og:site_name\" content=\"\u010cudna knji\u017eara\" \/>\n<meta property=\"article:modified_time\" content=\"2025-05-22T16:23:59+00:00\" \/>\n<meta name=\"twitter:card\" content=\"summary_large_image\" \/>\n<meta name=\"twitter:label1\" content=\"Procenjeno vreme \u010ditanja\" \/>\n\t<meta name=\"twitter:data1\" content=\"2 minuta\" \/>\n<script type=\"application\/ld+json\" class=\"yoast-schema-graph\">{\"@context\":\"https:\/\/schema.org\",\"@graph\":[{\"@type\":\"WebPage\",\"@id\":\"https:\/\/znaksagite.com\/knjizara\/kako-kupiti\/\",\"url\":\"https:\/\/znaksagite.com\/knjizara\/kako-kupiti\/\",\"name\":\"Kako kupiti? - \u010cudna knji\u017eara\",\"isPartOf\":{\"@id\":\"https:\/\/www.znaksagite.com\/knjizara\/#website\"},\"datePublished\":\"2024-09-24T15:07:29+00:00\",\"dateModified\":\"2025-05-22T16:23:59+00:00\",\"breadcrumb\":{\"@id\":\"https:\/\/znaksagite.com\/knjizara\/kako-kupiti\/#breadcrumb\"},\"inLanguage\":\"sr-RS\",\"potentialAction\":[{\"@type\":\"ReadAction\",\"target\":[\"https:\/\/znaksagite.com\/knjizara\/kako-kupiti\/\"]}]},{\"@type\":\"BreadcrumbList\",\"@id\":\"https:\/\/znaksagite.com\/knjizara\/kako-kupiti\/#breadcrumb\",\"itemListElement\":[{\"@type\":\"ListItem\",\"position\":1,\"name\":\"Po\u010detna\",\"item\":\"https:\/\/www.znaksagite.com\/knjizara\/\"},{\"@type\":\"ListItem\",\"position\":2,\"name\":\"Kako kupiti?\"}]},{\"@type\":\"WebSite\",\"@id\":\"https:\/\/www.znaksagite.com\/knjizara\/#website\",\"url\":\"https:\/\/www.znaksagite.com\/knjizara\/\",\"name\":\"\u010cudna knji\u017eara - online knji\u017eara\",\"description\":\"online knjzara\",\"publisher\":{\"@id\":\"https:\/\/www.znaksagite.com\/knjizara\/#organization\"},\"potentialAction\":[{\"@type\":\"SearchAction\",\"target\":{\"@type\":\"EntryPoint\",\"urlTemplate\":\"https:\/\/www.znaksagite.com\/knjizara\/?s={search_term_string}\"},\"query-input\":{\"@type\":\"PropertyValueSpecification\",\"valueRequired\":true,\"valueName\":\"search_term_string\"}}],\"inLanguage\":\"sr-RS\"},{\"@type\":\"Organization\",\"@id\":\"https:\/\/www.znaksagite.com\/knjizara\/#organization\",\"name\":\"\u010cudna knji\u017eara\",\"url\":\"https:\/\/www.znaksagite.com\/knjizara\/\",\"logo\":{\"@type\":\"ImageObject\",\"inLanguage\":\"sr-RS\",\"@id\":\"https:\/\/www.znaksagite.com\/knjizara\/#\/schema\/logo\/image\/\",\"url\":\"https:\/\/www.znaksagite.com\/knjizara\/wp-content\/uploads\/2024\/09\/cudna-knjiga-logo.webp\",\"contentUrl\":\"https:\/\/www.znaksagite.com\/knjizara\/wp-content\/uploads\/2024\/09\/cudna-knjiga-logo.webp\",\"width\":150,\"height\":150,\"caption\":\"\u010cudna knji\u017eara\"},\"image\":{\"@id\":\"https:\/\/www.znaksagite.com\/knjizara\/#\/schema\/logo\/image\/\"}}]}<\/script>\n<!-- \/ Yoast SEO plugin. -->","yoast_head_json":{"title":"Kako kupiti? - \u010cudna knji\u017eara","robots":{"index":"index","follow":"follow","max-snippet":"max-snippet:-1","max-image-preview":"max-image-preview:large","max-video-preview":"max-video-preview:-1"},"canonical":"https:\/\/znaksagite.com\/knjizara\/kako-kupiti\/","og_locale":"sr_RS","og_type":"article","og_title":"Kako kupiti? - \u010cudna knji\u017eara","og_description":"Nalazite se na po\u010detnoj stranici informativno-zabavno-prodajne knji\u017eare koja nosi predznak \u010cUDNA. Pre svega, u ponudi su SF&amp;F naslovi vezani za moje izdava\u0161tvo, uredni\u0161tvo i saradnju, kao i knjige mojih poznanika i drugara i jo\u0161 raznih nekih izdanja koja su se zatekla u blizini. Tako\u0111e, tu su i knjige manjih i nepoznatih i nepostoje\u0107ih izdava\u010da, re\u0111a [&hellip;]","og_url":"https:\/\/znaksagite.com\/knjizara\/kako-kupiti\/","og_site_name":"\u010cudna knji\u017eara","article_modified_time":"2025-05-22T16:23:59+00:00","twitter_card":"summary_large_image","twitter_misc":{"Procenjeno vreme \u010ditanja":"2 minuta"},"schema":{"@context":"https:\/\/schema.org","@graph":[{"@type":"WebPage","@id":"https:\/\/znaksagite.com\/knjizara\/kako-kupiti\/","url":"https:\/\/znaksagite.com\/knjizara\/kako-kupiti\/","name":"Kako kupiti? - \u010cudna knji\u017eara","isPartOf":{"@id":"https:\/\/www.znaksagite.com\/knjizara\/#website"},"datePublished":"2024-09-24T15:07:29+00:00","dateModified":"2025-05-22T16:23:59+00:00","breadcrumb":{"@id":"https:\/\/znaksagite.com\/knjizara\/kako-kupiti\/#breadcrumb"},"inLanguage":"sr-RS","potentialAction":[{"@type":"ReadAction","target":["https:\/\/znaksagite.com\/knjizara\/kako-kupiti\/"]}]},{"@type":"BreadcrumbList","@id":"https:\/\/znaksagite.com\/knjizara\/kako-kupiti\/#breadcrumb","itemListElement":[{"@type":"ListItem","position":1,"name":"Po\u010detna","item":"https:\/\/www.znaksagite.com\/knjizara\/"},{"@type":"ListItem","position":2,"name":"Kako kupiti?"}]},{"@type":"WebSite","@id":"https:\/\/www.znaksagite.com\/knjizara\/#website","url":"https:\/\/www.znaksagite.com\/knjizara\/","name":"\u010cudna knji\u017eara - online knji\u017eara","description":"online knjzara","publisher":{"@id":"https:\/\/www.znaksagite.com\/knjizara\/#organization"},"potentialAction":[{"@type":"SearchAction","target":{"@type":"EntryPoint","urlTemplate":"https:\/\/www.znaksagite.com\/knjizara\/?s={search_term_string}"},"query-input":{"@type":"PropertyValueSpecification","valueRequired":true,"valueName":"search_term_string"}}],"inLanguage":"sr-RS"},{"@type":"Organization","@id":"https:\/\/www.znaksagite.com\/knjizara\/#organization","name":"\u010cudna knji\u017eara","url":"https:\/\/www.znaksagite.com\/knjizara\/","logo":{"@type":"ImageObject","inLanguage":"sr-RS","@id":"https:\/\/www.znaksagite.com\/knjizara\/#\/schema\/logo\/image\/","url":"https:\/\/www.znaksagite.com\/knjizara\/wp-content\/uploads\/2024\/09\/cudna-knjiga-logo.webp","contentUrl":"https:\/\/www.znaksagite.com\/knjizara\/wp-content\/uploads\/2024\/09\/cudna-knjiga-logo.webp","width":150,"height":150,"caption":"\u010cudna knji\u017eara"},"image":{"@id":"https:\/\/www.znaksagite.com\/knjizara\/#\/schema\/logo\/image\/"}}]}},"_links":{"self":[{"href":"https:\/\/www.znaksagite.com\/knjizara\/wp-json\/wp\/v2\/pages\/18241","targetHints":{"allow":["GET"]}}],"collection":[{"href":"https:\/\/www.znaksagite.com\/knjizara\/wp-json\/wp\/v2\/pages"}],"about":[{"href":"https:\/\/www.znaksagite.com\/knjizara\/wp-json\/wp\/v2\/types\/page"}],"author":[{"embeddable":true,"href":"https:\/\/www.znaksagite.com\/knjizara\/wp-json\/wp\/v2\/users\/1"}],"replies":[{"embeddable":true,"href":"https:\/\/www.znaksagite.com\/knjizara\/wp-json\/wp\/v2\/comments?post=18241"}],"version-history":[{"count":25,"href":"https:\/\/www.znaksagite.com\/knjizara\/wp-json\/wp\/v2\/pages\/18241\/revisions"}],"predecessor-version":[{"id":19522,"href":"https:\/\/www.znaksagite.com\/knjizara\/wp-json\/wp\/v2\/pages\/18241\/revisions\/19522"}],"wp:attachment":[{"href":"https:\/\/www.znaksagite.com\/knjizara\/wp-json\/wp\/v2\/media?parent=18241"}],"curies":[{"name":"wp","href":"https:\/\/api.w.org\/{rel}","templated":true}]}}