{"id":18250,"date":"2024-09-24T17:16:02","date_gmt":"2024-09-24T15:16:02","guid":{"rendered":"https:\/\/znaksagite.com\/knjizara\/?page_id=18250"},"modified":"2024-10-26T12:05:21","modified_gmt":"2024-10-26T10:05:21","slug":"uslovi-koriscenja","status":"publish","type":"page","link":"https:\/\/www.znaksagite.com\/knjizara\/uslovi-koriscenja\/","title":{"rendered":"Uslovi kori\u0161\u0107enja"},"content":{"rendered":"\t\t<div data-elementor-type=\"wp-page\" data-elementor-id=\"18250\" class=\"elementor elementor-18250\" data-elementor-post-type=\"page\">\n\t\t\t\t<div class=\"elementor-element elementor-element-aecaa05 e-flex e-con-boxed e-con e-parent\" data-id=\"aecaa05\" data-element_type=\"container\" data-settings=\"{&quot;background_background&quot;:&quot;classic&quot;}\">\n\t\t\t\t\t<div class=\"e-con-inner\">\n\t\t\t\t<div class=\"elementor-element elementor-element-edc8c65 elementor-widget elementor-widget-breadcrumbs\" data-id=\"edc8c65\" data-element_type=\"widget\" data-widget_type=\"breadcrumbs.default\">\n\t\t\t\t<div class=\"elementor-widget-container\">\n\t\t\t\t\t<span id=\"breadcrumbs\"><span><span><a href=\"https:\/\/www.znaksagite.com\/knjizara\/\">Po\u010detna<\/a><\/span><\/span><\/span>\t\t\t\t<\/div>\n\t\t\t\t<\/div>\n\t\t\t\t\t<\/div>\n\t\t\t\t<\/div>\n\t\t<div class=\"elementor-element elementor-element-798a6f1 e-flex e-con-boxed e-con e-parent\" data-id=\"798a6f1\" data-element_type=\"container\">\n\t\t\t\t\t<div class=\"e-con-inner\">\n\t\t\t\t<div class=\"elementor-element elementor-element-61bfc86 elementor-widget elementor-widget-text-editor\" data-id=\"61bfc86\" data-element_type=\"widget\" data-widget_type=\"text-editor.default\">\n\t\t\t\t<div class=\"elementor-widget-container\">\n\t\t\t\t\t\t\t\t\t<p>Uslovi kori\u0161\u0107enja i pravila sadr\u017eana u ovom dokumentu se odnose na sve posetioce i korisnike sajta\u00a0<b>Knjige | Online Knjizara | Prodaja Knjiga Online (<a href=\"https:\/\/znaksagite.com\/knjizara\">https:\/\/znaksagite.com\/knjizara<\/a>)<\/b><\/p><p><b>Sadr\u017eaj sajta i informacije o autorskim pravima<\/b><\/p><p>Sla\u017eete se da ne\u0107ete reprodukovati, distribuirati, prodavati, preprodavati, trgovati ili eksploatisati u bilo koje komercijalne svrhe sadr\u017eaj ovog sajta.<\/p><p>Sla\u017eete se da se ne\u0107ete me\u0161ati ili poremetiti usluge sajta, sigurnosni sistem sajta ili sadr\u017eaj sajta.<\/p><p>Molimo postarajte se da, pre nego \u0161to izvr\u0161ite poru\u010divanje, proverite sve specifikacije i kompatibilnost proizvoda, pose\u0107ivanjem stranice sajta proizvo\u0111a\u010da.<\/p><p>Administratori sajta\u00a0<b>Knjige | Online Knjizara | Prodaja Knjiga Online (<a href=\"https:\/\/znaksagite.com\/knjizara\">https:\/\/znaksagite.com\/knjizara<\/a>)<\/b>\u00a0konstantno rade na odr\u017eavanju ta\u010dnosti informacija prikazanim na sajtu. Me\u0111utim, sajt ne mo\u017ee da garantuje da su svi opisi ili drugi sadr\u017eaji sajta potpuno ta\u010dni, kompletni, i bez gre\u0161aka. Imajte u vidu da su fotografije postavljene u informacione svrhe i da one mogu prikazivati odre\u0111ene dodatke proizvoda koji nisu uklju\u010deni u standardni paket prodaje.<\/p><p><b>Va\u0161 nalog<\/b><\/p><p>Kori\u0161\u0107enjem sajta ili odre\u0111enih delova sajta zahteva kreiranje korisni\u010dkog naloga. Ukoliko koristite ovaj sajt, Vi ste odgovorni za odr\u017eavanje za\u0161tite i privatnosti Va\u0161eg naloga i lozinke i pristupa Va\u0161em ra\u010dunaru, i prihvatate odgovornost za sve aktivnosti koje se vr\u0161e pod Va\u0161im nalogom i lozinkom. Ukoliko posumnjate u sigurnost Va\u0161eg naloga, molimo da obavestite administratore sajta \u0161to pre mogu\u0107e.\u00a0<b>Knjige | Online Knjizara | Prodaja Knjiga Online (<a href=\"https:\/\/znaksagite.com\/knjizara\">znaksagite.com\/knjizara<\/a>)<\/b>\u00a0nije odgovoran za bilo koju \u0161tetu koja mo\u017ee da se desi od neautorizovanog pristupa Va\u0161em nalogu.<\/p><p><b>Ograni\u010denja odgovornosti<\/b><\/p><p>Sajt i kompanija koja upravlja sajtom ne mo\u017ee biti odgovorna za u\u010de\u0161\u0107e u bilo kakvoj direktnoj, indirektnoj, incidentnoj, specijalnoj, zna\u010dajnoj ili kaznenoj \u0161teti od kori\u0161\u0107enja ovog sajta ili drugih hiperlinkovanih sajtova uklju\u010duju\u0107i, bez ograni\u010denja, izgubljeni profit ili prihod, tro\u0161kove zamene, prekid poslovanja, gubitak podataka ili \u0161tetu koja je rezultat oslanjanja na prezentovane informacije.<\/p><p><b>Dostupnost sajta<\/b><\/p><p><b>Knjige | Online Knjizara | Prodaja Knjiga Online (znaksagite.com\/knjizara)<\/b>\u00a0zadr\u017eava pravo da prekine, obustavi, izmeni ili suspenduje, privremeno ili zauvek, bilo koji aspekat sajta, uklju\u010duju\u0107i dostupnost funkcija sajta, u bilo koje vreme bez prethodnog obave\u0161tenja. Sla\u017eete se da\u00a0<b>Knjige | Online Knjizara | Prodaja Knjiga Online (znaksagite.com\/knjizara)<\/b>\u00a0nije odgovoran Vama ili nekoj tre\u0107oj strani za bilo koju modifikaciju, suspendovanje ili prekid sajta.<\/p><p>Ukoliko imate pitanja u vezi sa Uslovima kori\u0161\u0107enja, molimo da nas kontaktirate koriste\u0107i kontakt formular na <a href=\"mailto:znaksagite@yahoo.com\">znaksagite@yahoo.com<\/a>.<\/p>\t\t\t\t\t\t\t\t<\/div>\n\t\t\t\t<\/div>\n\t\t\t\t\t<\/div>\n\t\t\t\t<\/div>\n\t\t\t\t<\/div>\n\t\t","protected":false},"excerpt":{"rendered":"<p>Uslovi kori\u0161\u0107enja i pravila sadr\u017eana u ovom dokumentu se odnose na sve posetioce i korisnike sajta\u00a0Knjige | Online Knjizara | Prodaja Knjiga Online (https:\/\/znaksagite.com\/knjizara) Sadr\u017eaj sajta i informacije o autorskim pravima Sla\u017eete se da ne\u0107ete reprodukovati, distribuirati, prodavati, preprodavati, trgovati ili eksploatisati u bilo koje komercijalne svrhe sadr\u017eaj ovog sajta. Sla\u017eete se da se ne\u0107ete [&hellip;]<\/p>\n","protected":false},"author":1,"featured_media":0,"parent":0,"menu_order":0,"comment_status":"closed","ping_status":"closed","template":"","meta":{"footnotes":""},"class_list":["post-18250","page","type-page","status-publish","hentry"],"yoast_head":"<!-- This site is optimized with the Yoast SEO plugin v26.6 - https:\/\/yoast.com\/wordpress\/plugins\/seo\/ -->\n<title>Uslovi kori\u0161\u0107enja - \u010cudna knji\u017eara<\/title>\n<meta name=\"robots\" content=\"index, follow, max-snippet:-1, max-image-preview:large, max-video-preview:-1\" \/>\n<link rel=\"canonical\" href=\"https:\/\/znaksagite.com\/knjizara\/uslovi-koriscenja\/\" \/>\n<meta property=\"og:locale\" content=\"sr_RS\" \/>\n<meta property=\"og:type\" content=\"article\" \/>\n<meta property=\"og:title\" content=\"Uslovi kori\u0161\u0107enja - \u010cudna knji\u017eara\" \/>\n<meta property=\"og:description\" content=\"Uslovi kori\u0161\u0107enja i pravila sadr\u017eana u ovom dokumentu se odnose na sve posetioce i korisnike sajta\u00a0Knjige | Online Knjizara | Prodaja Knjiga Online (https:\/\/znaksagite.com\/knjizara) Sadr\u017eaj sajta i informacije o autorskim pravima Sla\u017eete se da ne\u0107ete reprodukovati, distribuirati, prodavati, preprodavati, trgovati ili eksploatisati u bilo koje komercijalne svrhe sadr\u017eaj ovog sajta. Sla\u017eete se da se ne\u0107ete [&hellip;]\" \/>\n<meta property=\"og:url\" content=\"https:\/\/znaksagite.com\/knjizara\/uslovi-koriscenja\/\" \/>\n<meta property=\"og:site_name\" content=\"\u010cudna knji\u017eara\" \/>\n<meta property=\"article:modified_time\" content=\"2024-10-26T10:05:21+00:00\" \/>\n<meta name=\"twitter:card\" content=\"summary_large_image\" \/>\n<meta name=\"twitter:label1\" content=\"Procenjeno vreme \u010ditanja\" \/>\n\t<meta name=\"twitter:data1\" content=\"3 minuta\" \/>\n<script type=\"application\/ld+json\" class=\"yoast-schema-graph\">{\"@context\":\"https:\/\/schema.org\",\"@graph\":[{\"@type\":\"WebPage\",\"@id\":\"https:\/\/znaksagite.com\/knjizara\/uslovi-koriscenja\/\",\"url\":\"https:\/\/znaksagite.com\/knjizara\/uslovi-koriscenja\/\",\"name\":\"Uslovi kori\u0161\u0107enja - \u010cudna knji\u017eara\",\"isPartOf\":{\"@id\":\"https:\/\/www.znaksagite.com\/knjizara\/#website\"},\"datePublished\":\"2024-09-24T15:16:02+00:00\",\"dateModified\":\"2024-10-26T10:05:21+00:00\",\"breadcrumb\":{\"@id\":\"https:\/\/znaksagite.com\/knjizara\/uslovi-koriscenja\/#breadcrumb\"},\"inLanguage\":\"sr-RS\",\"potentialAction\":[{\"@type\":\"ReadAction\",\"target\":[\"https:\/\/znaksagite.com\/knjizara\/uslovi-koriscenja\/\"]}]},{\"@type\":\"BreadcrumbList\",\"@id\":\"https:\/\/znaksagite.com\/knjizara\/uslovi-koriscenja\/#breadcrumb\",\"itemListElement\":[{\"@type\":\"ListItem\",\"position\":1,\"name\":\"Po\u010detna\",\"item\":\"https:\/\/www.znaksagite.com\/knjizara\/\"},{\"@type\":\"ListItem\",\"position\":2,\"name\":\"Uslovi kori\u0161\u0107enja\"}]},{\"@type\":\"WebSite\",\"@id\":\"https:\/\/www.znaksagite.com\/knjizara\/#website\",\"url\":\"https:\/\/www.znaksagite.com\/knjizara\/\",\"name\":\"\u010cudna knji\u017eara - online knji\u017eara\",\"description\":\"online knjzara\",\"publisher\":{\"@id\":\"https:\/\/www.znaksagite.com\/knjizara\/#organization\"},\"potentialAction\":[{\"@type\":\"SearchAction\",\"target\":{\"@type\":\"EntryPoint\",\"urlTemplate\":\"https:\/\/www.znaksagite.com\/knjizara\/?s={search_term_string}\"},\"query-input\":{\"@type\":\"PropertyValueSpecification\",\"valueRequired\":true,\"valueName\":\"search_term_string\"}}],\"inLanguage\":\"sr-RS\"},{\"@type\":\"Organization\",\"@id\":\"https:\/\/www.znaksagite.com\/knjizara\/#organization\",\"name\":\"\u010cudna knji\u017eara\",\"url\":\"https:\/\/www.znaksagite.com\/knjizara\/\",\"logo\":{\"@type\":\"ImageObject\",\"inLanguage\":\"sr-RS\",\"@id\":\"https:\/\/www.znaksagite.com\/knjizara\/#\/schema\/logo\/image\/\",\"url\":\"https:\/\/www.znaksagite.com\/knjizara\/wp-content\/uploads\/2024\/09\/cudna-knjiga-logo.webp\",\"contentUrl\":\"https:\/\/www.znaksagite.com\/knjizara\/wp-content\/uploads\/2024\/09\/cudna-knjiga-logo.webp\",\"width\":150,\"height\":150,\"caption\":\"\u010cudna knji\u017eara\"},\"image\":{\"@id\":\"https:\/\/www.znaksagite.com\/knjizara\/#\/schema\/logo\/image\/\"}}]}<\/script>\n<!-- \/ Yoast SEO plugin. -->","yoast_head_json":{"title":"Uslovi kori\u0161\u0107enja - \u010cudna knji\u017eara","robots":{"index":"index","follow":"follow","max-snippet":"max-snippet:-1","max-image-preview":"max-image-preview:large","max-video-preview":"max-video-preview:-1"},"canonical":"https:\/\/znaksagite.com\/knjizara\/uslovi-koriscenja\/","og_locale":"sr_RS","og_type":"article","og_title":"Uslovi kori\u0161\u0107enja - \u010cudna knji\u017eara","og_description":"Uslovi kori\u0161\u0107enja i pravila sadr\u017eana u ovom dokumentu se odnose na sve posetioce i korisnike sajta\u00a0Knjige | Online Knjizara | Prodaja Knjiga Online (https:\/\/znaksagite.com\/knjizara) Sadr\u017eaj sajta i informacije o autorskim pravima Sla\u017eete se da ne\u0107ete reprodukovati, distribuirati, prodavati, preprodavati, trgovati ili eksploatisati u bilo koje komercijalne svrhe sadr\u017eaj ovog sajta. Sla\u017eete se da se ne\u0107ete [&hellip;]","og_url":"https:\/\/znaksagite.com\/knjizara\/uslovi-koriscenja\/","og_site_name":"\u010cudna knji\u017eara","article_modified_time":"2024-10-26T10:05:21+00:00","twitter_card":"summary_large_image","twitter_misc":{"Procenjeno vreme \u010ditanja":"3 minuta"},"schema":{"@context":"https:\/\/schema.org","@graph":[{"@type":"WebPage","@id":"https:\/\/znaksagite.com\/knjizara\/uslovi-koriscenja\/","url":"https:\/\/znaksagite.com\/knjizara\/uslovi-koriscenja\/","name":"Uslovi kori\u0161\u0107enja - \u010cudna knji\u017eara","isPartOf":{"@id":"https:\/\/www.znaksagite.com\/knjizara\/#website"},"datePublished":"2024-09-24T15:16:02+00:00","dateModified":"2024-10-26T10:05:21+00:00","breadcrumb":{"@id":"https:\/\/znaksagite.com\/knjizara\/uslovi-koriscenja\/#breadcrumb"},"inLanguage":"sr-RS","potentialAction":[{"@type":"ReadAction","target":["https:\/\/znaksagite.com\/knjizara\/uslovi-koriscenja\/"]}]},{"@type":"BreadcrumbList","@id":"https:\/\/znaksagite.com\/knjizara\/uslovi-koriscenja\/#breadcrumb","itemListElement":[{"@type":"ListItem","position":1,"name":"Po\u010detna","item":"https:\/\/www.znaksagite.com\/knjizara\/"},{"@type":"ListItem","position":2,"name":"Uslovi kori\u0161\u0107enja"}]},{"@type":"WebSite","@id":"https:\/\/www.znaksagite.com\/knjizara\/#website","url":"https:\/\/www.znaksagite.com\/knjizara\/","name":"\u010cudna knji\u017eara - online knji\u017eara","description":"online knjzara","publisher":{"@id":"https:\/\/www.znaksagite.com\/knjizara\/#organization"},"potentialAction":[{"@type":"SearchAction","target":{"@type":"EntryPoint","urlTemplate":"https:\/\/www.znaksagite.com\/knjizara\/?s={search_term_string}"},"query-input":{"@type":"PropertyValueSpecification","valueRequired":true,"valueName":"search_term_string"}}],"inLanguage":"sr-RS"},{"@type":"Organization","@id":"https:\/\/www.znaksagite.com\/knjizara\/#organization","name":"\u010cudna knji\u017eara","url":"https:\/\/www.znaksagite.com\/knjizara\/","logo":{"@type":"ImageObject","inLanguage":"sr-RS","@id":"https:\/\/www.znaksagite.com\/knjizara\/#\/schema\/logo\/image\/","url":"https:\/\/www.znaksagite.com\/knjizara\/wp-content\/uploads\/2024\/09\/cudna-knjiga-logo.webp","contentUrl":"https:\/\/www.znaksagite.com\/knjizara\/wp-content\/uploads\/2024\/09\/cudna-knjiga-logo.webp","width":150,"height":150,"caption":"\u010cudna knji\u017eara"},"image":{"@id":"https:\/\/www.znaksagite.com\/knjizara\/#\/schema\/logo\/image\/"}}]}},"_links":{"self":[{"href":"https:\/\/www.znaksagite.com\/knjizara\/wp-json\/wp\/v2\/pages\/18250","targetHints":{"allow":["GET"]}}],"collection":[{"href":"https:\/\/www.znaksagite.com\/knjizara\/wp-json\/wp\/v2\/pages"}],"about":[{"href":"https:\/\/www.znaksagite.com\/knjizara\/wp-json\/wp\/v2\/types\/page"}],"author":[{"embeddable":true,"href":"https:\/\/www.znaksagite.com\/knjizara\/wp-json\/wp\/v2\/users\/1"}],"replies":[{"embeddable":true,"href":"https:\/\/www.znaksagite.com\/knjizara\/wp-json\/wp\/v2\/comments?post=18250"}],"version-history":[{"count":14,"href":"https:\/\/www.znaksagite.com\/knjizara\/wp-json\/wp\/v2\/pages\/18250\/revisions"}],"predecessor-version":[{"id":18614,"href":"https:\/\/www.znaksagite.com\/knjizara\/wp-json\/wp\/v2\/pages\/18250\/revisions\/18614"}],"wp:attachment":[{"href":"https:\/\/www.znaksagite.com\/knjizara\/wp-json\/wp\/v2\/media?parent=18250"}],"curies":[{"name":"wp","href":"https:\/\/api.w.org\/{rel}","templated":true}]}}