{"id":18363,"date":"2024-09-26T08:13:44","date_gmt":"2024-09-26T06:13:44","guid":{"rendered":"https:\/\/znaksagite.com\/knjizara\/?page_id=18363"},"modified":"2024-10-26T11:33:42","modified_gmt":"2024-10-26T09:33:42","slug":"korpa","status":"publish","type":"page","link":"https:\/\/www.znaksagite.com\/knjizara\/korpa\/","title":{"rendered":"Korpa"},"content":{"rendered":"\t\t<div data-elementor-type=\"wp-page\" data-elementor-id=\"18363\" class=\"elementor elementor-18363\" data-elementor-post-type=\"page\">\n\t\t\t\t<div class=\"elementor-element elementor-element-2bd3a1c e-flex e-con-boxed e-con e-parent\" data-id=\"2bd3a1c\" data-element_type=\"container\" data-settings=\"{&quot;background_background&quot;:&quot;classic&quot;}\">\n\t\t\t\t\t<div class=\"e-con-inner\">\n\t\t\t\t<div class=\"elementor-element elementor-element-6b948cb elementor-widget elementor-widget-breadcrumbs\" data-id=\"6b948cb\" data-element_type=\"widget\" data-widget_type=\"breadcrumbs.default\">\n\t\t\t\t<div class=\"elementor-widget-container\">\n\t\t\t\t\t<span id=\"breadcrumbs\"><span><span><a href=\"https:\/\/www.znaksagite.com\/knjizara\/\">Po\u010detna<\/a><\/span><\/span><\/span>\t\t\t\t<\/div>\n\t\t\t\t<\/div>\n\t\t\t\t\t<\/div>\n\t\t\t\t<\/div>\n\t\t<div class=\"elementor-element elementor-element-105368f e-flex e-con-boxed e-con e-parent\" data-id=\"105368f\" data-element_type=\"container\">\n\t\t\t\t\t<div class=\"e-con-inner\">\n\t\t\t\t\t<\/div>\n\t\t\t\t<\/div>\n\t\t\t\t<\/div>\n\t\t","protected":false},"excerpt":{"rendered":"<p>Va\u0161a korpa je trenutno prazna. Nazad u prodavnicu<\/p>\n","protected":false},"author":1,"featured_media":0,"parent":0,"menu_order":0,"comment_status":"closed","ping_status":"closed","template":"","meta":{"footnotes":""},"class_list":["post-18363","page","type-page","status-publish","hentry"],"yoast_head":"<!-- This site is optimized with the Yoast SEO plugin v26.6 - https:\/\/yoast.com\/wordpress\/plugins\/seo\/ -->\n<title>Korpa - \u010cudna knji\u017eara<\/title>\n<meta name=\"robots\" content=\"index, follow, max-snippet:-1, max-image-preview:large, max-video-preview:-1\" \/>\n<link rel=\"canonical\" href=\"https:\/\/znaksagite.com\/knjizara\/korpa\/\" \/>\n<meta property=\"og:locale\" content=\"sr_RS\" \/>\n<meta property=\"og:type\" content=\"article\" \/>\n<meta property=\"og:title\" content=\"Korpa - \u010cudna knji\u017eara\" \/>\n<meta property=\"og:description\" content=\"Va\u0161a korpa je trenutno prazna. Nazad u prodavnicu\" \/>\n<meta property=\"og:url\" content=\"https:\/\/znaksagite.com\/knjizara\/korpa\/\" \/>\n<meta property=\"og:site_name\" content=\"\u010cudna knji\u017eara\" \/>\n<meta property=\"article:modified_time\" content=\"2024-10-26T09:33:42+00:00\" \/>\n<meta name=\"twitter:card\" content=\"summary_large_image\" \/>\n<meta name=\"twitter:label1\" content=\"Procenjeno vreme \u010ditanja\" \/>\n\t<meta name=\"twitter:data1\" content=\"1 minut\" \/>\n<script type=\"application\/ld+json\" class=\"yoast-schema-graph\">{\"@context\":\"https:\/\/schema.org\",\"@graph\":[{\"@type\":\"WebPage\",\"@id\":\"https:\/\/znaksagite.com\/knjizara\/korpa\/\",\"url\":\"https:\/\/znaksagite.com\/knjizara\/korpa\/\",\"name\":\"Korpa - \u010cudna knji\u017eara\",\"isPartOf\":{\"@id\":\"https:\/\/www.znaksagite.com\/knjizara\/#website\"},\"datePublished\":\"2024-09-26T06:13:44+00:00\",\"dateModified\":\"2024-10-26T09:33:42+00:00\",\"breadcrumb\":{\"@id\":\"https:\/\/znaksagite.com\/knjizara\/korpa\/#breadcrumb\"},\"inLanguage\":\"sr-RS\",\"potentialAction\":[{\"@type\":\"ReadAction\",\"target\":[\"https:\/\/znaksagite.com\/knjizara\/korpa\/\"]}]},{\"@type\":\"BreadcrumbList\",\"@id\":\"https:\/\/znaksagite.com\/knjizara\/korpa\/#breadcrumb\",\"itemListElement\":[{\"@type\":\"ListItem\",\"position\":1,\"name\":\"Po\u010detna\",\"item\":\"https:\/\/www.znaksagite.com\/knjizara\/\"},{\"@type\":\"ListItem\",\"position\":2,\"name\":\"Korpa\"}]},{\"@type\":\"WebSite\",\"@id\":\"https:\/\/www.znaksagite.com\/knjizara\/#website\",\"url\":\"https:\/\/www.znaksagite.com\/knjizara\/\",\"name\":\"\u010cudna knji\u017eara - online knji\u017eara\",\"description\":\"online knjzara\",\"publisher\":{\"@id\":\"https:\/\/www.znaksagite.com\/knjizara\/#organization\"},\"potentialAction\":[{\"@type\":\"SearchAction\",\"target\":{\"@type\":\"EntryPoint\",\"urlTemplate\":\"https:\/\/www.znaksagite.com\/knjizara\/?s={search_term_string}\"},\"query-input\":{\"@type\":\"PropertyValueSpecification\",\"valueRequired\":true,\"valueName\":\"search_term_string\"}}],\"inLanguage\":\"sr-RS\"},{\"@type\":\"Organization\",\"@id\":\"https:\/\/www.znaksagite.com\/knjizara\/#organization\",\"name\":\"\u010cudna knji\u017eara\",\"url\":\"https:\/\/www.znaksagite.com\/knjizara\/\",\"logo\":{\"@type\":\"ImageObject\",\"inLanguage\":\"sr-RS\",\"@id\":\"https:\/\/www.znaksagite.com\/knjizara\/#\/schema\/logo\/image\/\",\"url\":\"https:\/\/www.znaksagite.com\/knjizara\/wp-content\/uploads\/2024\/09\/cudna-knjiga-logo.webp\",\"contentUrl\":\"https:\/\/www.znaksagite.com\/knjizara\/wp-content\/uploads\/2024\/09\/cudna-knjiga-logo.webp\",\"width\":150,\"height\":150,\"caption\":\"\u010cudna knji\u017eara\"},\"image\":{\"@id\":\"https:\/\/www.znaksagite.com\/knjizara\/#\/schema\/logo\/image\/\"}}]}<\/script>\n<!-- \/ Yoast SEO plugin. -->","yoast_head_json":{"title":"Korpa - \u010cudna knji\u017eara","robots":{"index":"index","follow":"follow","max-snippet":"max-snippet:-1","max-image-preview":"max-image-preview:large","max-video-preview":"max-video-preview:-1"},"canonical":"https:\/\/znaksagite.com\/knjizara\/korpa\/","og_locale":"sr_RS","og_type":"article","og_title":"Korpa - \u010cudna knji\u017eara","og_description":"Va\u0161a korpa je trenutno prazna. Nazad u prodavnicu","og_url":"https:\/\/znaksagite.com\/knjizara\/korpa\/","og_site_name":"\u010cudna knji\u017eara","article_modified_time":"2024-10-26T09:33:42+00:00","twitter_card":"summary_large_image","twitter_misc":{"Procenjeno vreme \u010ditanja":"1 minut"},"schema":{"@context":"https:\/\/schema.org","@graph":[{"@type":"WebPage","@id":"https:\/\/znaksagite.com\/knjizara\/korpa\/","url":"https:\/\/znaksagite.com\/knjizara\/korpa\/","name":"Korpa - \u010cudna knji\u017eara","isPartOf":{"@id":"https:\/\/www.znaksagite.com\/knjizara\/#website"},"datePublished":"2024-09-26T06:13:44+00:00","dateModified":"2024-10-26T09:33:42+00:00","breadcrumb":{"@id":"https:\/\/znaksagite.com\/knjizara\/korpa\/#breadcrumb"},"inLanguage":"sr-RS","potentialAction":[{"@type":"ReadAction","target":["https:\/\/znaksagite.com\/knjizara\/korpa\/"]}]},{"@type":"BreadcrumbList","@id":"https:\/\/znaksagite.com\/knjizara\/korpa\/#breadcrumb","itemListElement":[{"@type":"ListItem","position":1,"name":"Po\u010detna","item":"https:\/\/www.znaksagite.com\/knjizara\/"},{"@type":"ListItem","position":2,"name":"Korpa"}]},{"@type":"WebSite","@id":"https:\/\/www.znaksagite.com\/knjizara\/#website","url":"https:\/\/www.znaksagite.com\/knjizara\/","name":"\u010cudna knji\u017eara - online knji\u017eara","description":"online knjzara","publisher":{"@id":"https:\/\/www.znaksagite.com\/knjizara\/#organization"},"potentialAction":[{"@type":"SearchAction","target":{"@type":"EntryPoint","urlTemplate":"https:\/\/www.znaksagite.com\/knjizara\/?s={search_term_string}"},"query-input":{"@type":"PropertyValueSpecification","valueRequired":true,"valueName":"search_term_string"}}],"inLanguage":"sr-RS"},{"@type":"Organization","@id":"https:\/\/www.znaksagite.com\/knjizara\/#organization","name":"\u010cudna knji\u017eara","url":"https:\/\/www.znaksagite.com\/knjizara\/","logo":{"@type":"ImageObject","inLanguage":"sr-RS","@id":"https:\/\/www.znaksagite.com\/knjizara\/#\/schema\/logo\/image\/","url":"https:\/\/www.znaksagite.com\/knjizara\/wp-content\/uploads\/2024\/09\/cudna-knjiga-logo.webp","contentUrl":"https:\/\/www.znaksagite.com\/knjizara\/wp-content\/uploads\/2024\/09\/cudna-knjiga-logo.webp","width":150,"height":150,"caption":"\u010cudna knji\u017eara"},"image":{"@id":"https:\/\/www.znaksagite.com\/knjizara\/#\/schema\/logo\/image\/"}}]}},"_links":{"self":[{"href":"https:\/\/www.znaksagite.com\/knjizara\/wp-json\/wp\/v2\/pages\/18363","targetHints":{"allow":["GET"]}}],"collection":[{"href":"https:\/\/www.znaksagite.com\/knjizara\/wp-json\/wp\/v2\/pages"}],"about":[{"href":"https:\/\/www.znaksagite.com\/knjizara\/wp-json\/wp\/v2\/types\/page"}],"author":[{"embeddable":true,"href":"https:\/\/www.znaksagite.com\/knjizara\/wp-json\/wp\/v2\/users\/1"}],"replies":[{"embeddable":true,"href":"https:\/\/www.znaksagite.com\/knjizara\/wp-json\/wp\/v2\/comments?post=18363"}],"version-history":[{"count":16,"href":"https:\/\/www.znaksagite.com\/knjizara\/wp-json\/wp\/v2\/pages\/18363\/revisions"}],"predecessor-version":[{"id":18604,"href":"https:\/\/www.znaksagite.com\/knjizara\/wp-json\/wp\/v2\/pages\/18363\/revisions\/18604"}],"wp:attachment":[{"href":"https:\/\/www.znaksagite.com\/knjizara\/wp-json\/wp\/v2\/media?parent=18363"}],"curies":[{"name":"wp","href":"https:\/\/api.w.org\/{rel}","templated":true}]}}