{"id":18466,"date":"2024-09-29T20:31:28","date_gmt":"2024-09-29T18:31:28","guid":{"rendered":"https:\/\/znaksagite.com\/knjizara\/?page_id=18466"},"modified":"2024-09-29T20:46:47","modified_gmt":"2024-09-29T18:46:47","slug":"moj-nalog","status":"publish","type":"page","link":"https:\/\/www.znaksagite.com\/knjizara\/moj-nalog\/","title":{"rendered":"Moj nalog"},"content":{"rendered":"\t\t<div data-elementor-type=\"wp-page\" data-elementor-id=\"18466\" class=\"elementor elementor-18466\" data-elementor-post-type=\"page\">\n\t\t\t\t<div class=\"elementor-element elementor-element-6b0d527 e-flex e-con-boxed e-con e-parent\" data-id=\"6b0d527\" data-element_type=\"container\">\n\t\t\t\t\t<div class=\"e-con-inner\">\n\t\t\t\t<div class=\"elementor-element elementor-element-33a3b1b e-my-account-tabs-horizontal elementor-widget elementor-widget-woocommerce-my-account\" data-id=\"33a3b1b\" data-element_type=\"widget\" data-widget_type=\"woocommerce-my-account.default\">\n\t\t\t\t<div class=\"elementor-widget-container\">\n\t\t\t\t\t<div class=\"e-my-account-tab e-my-account-tab__ \">\t\t\t<div class=\"woocommerce\"><\/div>\t\t<\/div>\n\t\t\t\t\t\t<\/div>\n\t\t\t\t<\/div>\n\t\t\t\t\t<\/div>\n\t\t\t\t<\/div>\n\t\t\t\t<\/div>\n\t\t","protected":false},"excerpt":{"rendered":"<p>Korisni\u010dka tabla Narud\u017ebine Preuzimanja Adresa za isporuku Detalji naloga Odjavite se Korisni\u010dka tabla Narud\u017ebine Preuzimanja Adresa za isporuku Detalji naloga Odjavite se Korisni\u010dka tabla Narud\u017ebine Preuzimanja Adresa za isporuku Detalji naloga Odjavite se Korisni\u010dka tabla Narud\u017ebine Preuzimanja Adresa za isporuku Detalji naloga Odjavite se Zdravo man_76jk2q9 (niste man_76jk2q9? Odjavite se) U upravlja\u010dkom panelu svog korisni\u010dkog [&hellip;]<\/p>\n","protected":false},"author":1,"featured_media":0,"parent":0,"menu_order":0,"comment_status":"closed","ping_status":"closed","template":"","meta":{"footnotes":""},"class_list":["post-18466","page","type-page","status-publish","hentry"],"yoast_head":"<!-- This site is optimized with the Yoast SEO plugin v26.6 - https:\/\/yoast.com\/wordpress\/plugins\/seo\/ -->\n<title>Moj nalog - \u010cudna knji\u017eara<\/title>\n<meta name=\"robots\" content=\"index, follow, max-snippet:-1, max-image-preview:large, max-video-preview:-1\" \/>\n<link rel=\"canonical\" href=\"https:\/\/znaksagite.com\/knjizara\/moj-nalog\/\" \/>\n<meta property=\"og:locale\" content=\"sr_RS\" \/>\n<meta property=\"og:type\" content=\"article\" \/>\n<meta property=\"og:title\" content=\"Moj nalog - \u010cudna knji\u017eara\" \/>\n<meta property=\"og:description\" content=\"Korisni\u010dka tabla Narud\u017ebine Preuzimanja Adresa za isporuku Detalji naloga Odjavite se Korisni\u010dka tabla Narud\u017ebine Preuzimanja Adresa za isporuku Detalji naloga Odjavite se Korisni\u010dka tabla Narud\u017ebine Preuzimanja Adresa za isporuku Detalji naloga Odjavite se Korisni\u010dka tabla Narud\u017ebine Preuzimanja Adresa za isporuku Detalji naloga Odjavite se Zdravo man_76jk2q9 (niste man_76jk2q9? Odjavite se) U upravlja\u010dkom panelu svog korisni\u010dkog [&hellip;]\" \/>\n<meta property=\"og:url\" content=\"https:\/\/znaksagite.com\/knjizara\/moj-nalog\/\" \/>\n<meta property=\"og:site_name\" content=\"\u010cudna knji\u017eara\" \/>\n<meta property=\"article:modified_time\" content=\"2024-09-29T18:46:47+00:00\" \/>\n<meta name=\"twitter:card\" content=\"summary_large_image\" \/>\n<meta name=\"twitter:label1\" content=\"Procenjeno vreme \u010ditanja\" \/>\n\t<meta name=\"twitter:data1\" content=\"1 minut\" \/>\n<script type=\"application\/ld+json\" class=\"yoast-schema-graph\">{\"@context\":\"https:\/\/schema.org\",\"@graph\":[{\"@type\":\"WebPage\",\"@id\":\"https:\/\/znaksagite.com\/knjizara\/moj-nalog\/\",\"url\":\"https:\/\/znaksagite.com\/knjizara\/moj-nalog\/\",\"name\":\"Moj nalog - \u010cudna knji\u017eara\",\"isPartOf\":{\"@id\":\"https:\/\/www.znaksagite.com\/knjizara\/#website\"},\"datePublished\":\"2024-09-29T18:31:28+00:00\",\"dateModified\":\"2024-09-29T18:46:47+00:00\",\"breadcrumb\":{\"@id\":\"https:\/\/znaksagite.com\/knjizara\/moj-nalog\/#breadcrumb\"},\"inLanguage\":\"sr-RS\",\"potentialAction\":[{\"@type\":\"ReadAction\",\"target\":[\"https:\/\/znaksagite.com\/knjizara\/moj-nalog\/\"]}]},{\"@type\":\"BreadcrumbList\",\"@id\":\"https:\/\/znaksagite.com\/knjizara\/moj-nalog\/#breadcrumb\",\"itemListElement\":[{\"@type\":\"ListItem\",\"position\":1,\"name\":\"Po\u010detna\",\"item\":\"https:\/\/www.znaksagite.com\/knjizara\/\"},{\"@type\":\"ListItem\",\"position\":2,\"name\":\"Moj nalog\"}]},{\"@type\":\"WebSite\",\"@id\":\"https:\/\/www.znaksagite.com\/knjizara\/#website\",\"url\":\"https:\/\/www.znaksagite.com\/knjizara\/\",\"name\":\"\u010cudna knji\u017eara - online knji\u017eara\",\"description\":\"online knjzara\",\"publisher\":{\"@id\":\"https:\/\/www.znaksagite.com\/knjizara\/#organization\"},\"potentialAction\":[{\"@type\":\"SearchAction\",\"target\":{\"@type\":\"EntryPoint\",\"urlTemplate\":\"https:\/\/www.znaksagite.com\/knjizara\/?s={search_term_string}\"},\"query-input\":{\"@type\":\"PropertyValueSpecification\",\"valueRequired\":true,\"valueName\":\"search_term_string\"}}],\"inLanguage\":\"sr-RS\"},{\"@type\":\"Organization\",\"@id\":\"https:\/\/www.znaksagite.com\/knjizara\/#organization\",\"name\":\"\u010cudna knji\u017eara\",\"url\":\"https:\/\/www.znaksagite.com\/knjizara\/\",\"logo\":{\"@type\":\"ImageObject\",\"inLanguage\":\"sr-RS\",\"@id\":\"https:\/\/www.znaksagite.com\/knjizara\/#\/schema\/logo\/image\/\",\"url\":\"https:\/\/www.znaksagite.com\/knjizara\/wp-content\/uploads\/2024\/09\/cudna-knjiga-logo.webp\",\"contentUrl\":\"https:\/\/www.znaksagite.com\/knjizara\/wp-content\/uploads\/2024\/09\/cudna-knjiga-logo.webp\",\"width\":150,\"height\":150,\"caption\":\"\u010cudna knji\u017eara\"},\"image\":{\"@id\":\"https:\/\/www.znaksagite.com\/knjizara\/#\/schema\/logo\/image\/\"}}]}<\/script>\n<!-- \/ Yoast SEO plugin. -->","yoast_head_json":{"title":"Moj nalog - \u010cudna knji\u017eara","robots":{"index":"index","follow":"follow","max-snippet":"max-snippet:-1","max-image-preview":"max-image-preview:large","max-video-preview":"max-video-preview:-1"},"canonical":"https:\/\/znaksagite.com\/knjizara\/moj-nalog\/","og_locale":"sr_RS","og_type":"article","og_title":"Moj nalog - \u010cudna knji\u017eara","og_description":"Korisni\u010dka tabla Narud\u017ebine Preuzimanja Adresa za isporuku Detalji naloga Odjavite se Korisni\u010dka tabla Narud\u017ebine Preuzimanja Adresa za isporuku Detalji naloga Odjavite se Korisni\u010dka tabla Narud\u017ebine Preuzimanja Adresa za isporuku Detalji naloga Odjavite se Korisni\u010dka tabla Narud\u017ebine Preuzimanja Adresa za isporuku Detalji naloga Odjavite se Zdravo man_76jk2q9 (niste man_76jk2q9? Odjavite se) U upravlja\u010dkom panelu svog korisni\u010dkog [&hellip;]","og_url":"https:\/\/znaksagite.com\/knjizara\/moj-nalog\/","og_site_name":"\u010cudna knji\u017eara","article_modified_time":"2024-09-29T18:46:47+00:00","twitter_card":"summary_large_image","twitter_misc":{"Procenjeno vreme \u010ditanja":"1 minut"},"schema":{"@context":"https:\/\/schema.org","@graph":[{"@type":"WebPage","@id":"https:\/\/znaksagite.com\/knjizara\/moj-nalog\/","url":"https:\/\/znaksagite.com\/knjizara\/moj-nalog\/","name":"Moj nalog - \u010cudna knji\u017eara","isPartOf":{"@id":"https:\/\/www.znaksagite.com\/knjizara\/#website"},"datePublished":"2024-09-29T18:31:28+00:00","dateModified":"2024-09-29T18:46:47+00:00","breadcrumb":{"@id":"https:\/\/znaksagite.com\/knjizara\/moj-nalog\/#breadcrumb"},"inLanguage":"sr-RS","potentialAction":[{"@type":"ReadAction","target":["https:\/\/znaksagite.com\/knjizara\/moj-nalog\/"]}]},{"@type":"BreadcrumbList","@id":"https:\/\/znaksagite.com\/knjizara\/moj-nalog\/#breadcrumb","itemListElement":[{"@type":"ListItem","position":1,"name":"Po\u010detna","item":"https:\/\/www.znaksagite.com\/knjizara\/"},{"@type":"ListItem","position":2,"name":"Moj nalog"}]},{"@type":"WebSite","@id":"https:\/\/www.znaksagite.com\/knjizara\/#website","url":"https:\/\/www.znaksagite.com\/knjizara\/","name":"\u010cudna knji\u017eara - online knji\u017eara","description":"online knjzara","publisher":{"@id":"https:\/\/www.znaksagite.com\/knjizara\/#organization"},"potentialAction":[{"@type":"SearchAction","target":{"@type":"EntryPoint","urlTemplate":"https:\/\/www.znaksagite.com\/knjizara\/?s={search_term_string}"},"query-input":{"@type":"PropertyValueSpecification","valueRequired":true,"valueName":"search_term_string"}}],"inLanguage":"sr-RS"},{"@type":"Organization","@id":"https:\/\/www.znaksagite.com\/knjizara\/#organization","name":"\u010cudna knji\u017eara","url":"https:\/\/www.znaksagite.com\/knjizara\/","logo":{"@type":"ImageObject","inLanguage":"sr-RS","@id":"https:\/\/www.znaksagite.com\/knjizara\/#\/schema\/logo\/image\/","url":"https:\/\/www.znaksagite.com\/knjizara\/wp-content\/uploads\/2024\/09\/cudna-knjiga-logo.webp","contentUrl":"https:\/\/www.znaksagite.com\/knjizara\/wp-content\/uploads\/2024\/09\/cudna-knjiga-logo.webp","width":150,"height":150,"caption":"\u010cudna knji\u017eara"},"image":{"@id":"https:\/\/www.znaksagite.com\/knjizara\/#\/schema\/logo\/image\/"}}]}},"_links":{"self":[{"href":"https:\/\/www.znaksagite.com\/knjizara\/wp-json\/wp\/v2\/pages\/18466","targetHints":{"allow":["GET"]}}],"collection":[{"href":"https:\/\/www.znaksagite.com\/knjizara\/wp-json\/wp\/v2\/pages"}],"about":[{"href":"https:\/\/www.znaksagite.com\/knjizara\/wp-json\/wp\/v2\/types\/page"}],"author":[{"embeddable":true,"href":"https:\/\/www.znaksagite.com\/knjizara\/wp-json\/wp\/v2\/users\/1"}],"replies":[{"embeddable":true,"href":"https:\/\/www.znaksagite.com\/knjizara\/wp-json\/wp\/v2\/comments?post=18466"}],"version-history":[{"count":15,"href":"https:\/\/www.znaksagite.com\/knjizara\/wp-json\/wp\/v2\/pages\/18466\/revisions"}],"predecessor-version":[{"id":18481,"href":"https:\/\/www.znaksagite.com\/knjizara\/wp-json\/wp\/v2\/pages\/18466\/revisions\/18481"}],"wp:attachment":[{"href":"https:\/\/www.znaksagite.com\/knjizara\/wp-json\/wp\/v2\/media?parent=18466"}],"curies":[{"name":"wp","href":"https:\/\/api.w.org\/{rel}","templated":true}]}}