{"id":18723,"date":"2024-11-19T20:28:33","date_gmt":"2024-11-19T19:28:33","guid":{"rendered":"https:\/\/znaksagite.com\/knjizara\/?post_type=product&#038;p=18723"},"modified":"2024-11-19T20:38:20","modified_gmt":"2024-11-19T19:38:20","slug":"carobnice-crvenkapicina","status":"publish","type":"product","link":"https:\/\/www.znaksagite.com\/knjizara\/prodavnica\/carobnice-crvenkapicina\/","title":{"rendered":"\u010cAROBNICE CRVENKAPI\u010cINA"},"content":{"rendered":"","protected":false},"excerpt":{"rendered":"","protected":false},"featured_media":18664,"template":"","meta":[],"product_brand":[],"product_cat":[277],"product_tag":[],"class_list":{"0":"post-18723","1":"product","2":"type-product","3":"status-publish","4":"has-post-thumbnail","6":"product_cat-casopisi","8":"first","9":"instock","10":"shipping-taxable","11":"purchasable","12":"product-type-simple"},"yoast_head":"<!-- This site is optimized with the Yoast SEO plugin v26.6 - https:\/\/yoast.com\/wordpress\/plugins\/seo\/ -->\n<title>\u010cAROBNICE CRVENKAPI\u010cINA - \u010cudna knji\u017eara<\/title>\n<meta name=\"robots\" content=\"index, follow, max-snippet:-1, max-image-preview:large, max-video-preview:-1\" \/>\n<link rel=\"canonical\" href=\"https:\/\/znaksagite.com\/knjizara\/prodavnica\/carobnice-crvenkapicina\/\" \/>\n<meta property=\"og:locale\" content=\"sr_RS\" \/>\n<meta property=\"og:type\" content=\"article\" \/>\n<meta property=\"og:title\" content=\"\u010cAROBNICE CRVENKAPI\u010cINA - \u010cudna knji\u017eara\" \/>\n<meta property=\"og:url\" content=\"https:\/\/znaksagite.com\/knjizara\/prodavnica\/carobnice-crvenkapicina\/\" \/>\n<meta property=\"og:site_name\" content=\"\u010cudna knji\u017eara\" \/>\n<meta property=\"article:modified_time\" content=\"2024-11-19T19:38:20+00:00\" \/>\n<meta property=\"og:image\" content=\"https:\/\/znaksagite.com\/knjizara\/wp-content\/uploads\/2024\/11\/Busic.webp\" \/>\n\t<meta property=\"og:image:width\" content=\"354\" \/>\n\t<meta property=\"og:image:height\" content=\"581\" \/>\n\t<meta property=\"og:image:type\" content=\"image\/webp\" \/>\n<meta name=\"twitter:card\" content=\"summary_large_image\" \/>\n<meta name=\"twitter:label1\" content=\"Procenjeno vreme \u010ditanja\" \/>\n\t<meta name=\"twitter:data1\" content=\"1 minut\" \/>\n<script type=\"application\/ld+json\" class=\"yoast-schema-graph\">{\"@context\":\"https:\/\/schema.org\",\"@graph\":[{\"@type\":\"WebPage\",\"@id\":\"https:\/\/znaksagite.com\/knjizara\/prodavnica\/carobnice-crvenkapicina\/\",\"url\":\"https:\/\/znaksagite.com\/knjizara\/prodavnica\/carobnice-crvenkapicina\/\",\"name\":\"\u010cAROBNICE CRVENKAPI\u010cINA - \u010cudna knji\u017eara\",\"isPartOf\":{\"@id\":\"https:\/\/www.znaksagite.com\/knjizara\/#website\"},\"primaryImageOfPage\":{\"@id\":\"https:\/\/znaksagite.com\/knjizara\/prodavnica\/carobnice-crvenkapicina\/#primaryimage\"},\"image\":{\"@id\":\"https:\/\/znaksagite.com\/knjizara\/prodavnica\/carobnice-crvenkapicina\/#primaryimage\"},\"thumbnailUrl\":\"https:\/\/www.znaksagite.com\/knjizara\/wp-content\/uploads\/2024\/11\/Busic.webp\",\"datePublished\":\"2024-11-19T19:28:33+00:00\",\"dateModified\":\"2024-11-19T19:38:20+00:00\",\"breadcrumb\":{\"@id\":\"https:\/\/znaksagite.com\/knjizara\/prodavnica\/carobnice-crvenkapicina\/#breadcrumb\"},\"inLanguage\":\"sr-RS\",\"potentialAction\":[{\"@type\":\"ReadAction\",\"target\":[\"https:\/\/znaksagite.com\/knjizara\/prodavnica\/carobnice-crvenkapicina\/\"]}]},{\"@type\":\"ImageObject\",\"inLanguage\":\"sr-RS\",\"@id\":\"https:\/\/znaksagite.com\/knjizara\/prodavnica\/carobnice-crvenkapicina\/#primaryimage\",\"url\":\"https:\/\/www.znaksagite.com\/knjizara\/wp-content\/uploads\/2024\/11\/Busic.webp\",\"contentUrl\":\"https:\/\/www.znaksagite.com\/knjizara\/wp-content\/uploads\/2024\/11\/Busic.webp\",\"width\":354,\"height\":581},{\"@type\":\"BreadcrumbList\",\"@id\":\"https:\/\/znaksagite.com\/knjizara\/prodavnica\/carobnice-crvenkapicina\/#breadcrumb\",\"itemListElement\":[{\"@type\":\"ListItem\",\"position\":1,\"name\":\"Po\u010detna\",\"item\":\"https:\/\/www.znaksagite.com\/knjizara\/\"},{\"@type\":\"ListItem\",\"position\":2,\"name\":\"shop\",\"item\":\"https:\/\/znaksagite.com\/knjizara\/shop\/\"},{\"@type\":\"ListItem\",\"position\":3,\"name\":\"\u010cAROBNICE CRVENKAPI\u010cINA\"}]},{\"@type\":\"WebSite\",\"@id\":\"https:\/\/www.znaksagite.com\/knjizara\/#website\",\"url\":\"https:\/\/www.znaksagite.com\/knjizara\/\",\"name\":\"\u010cudna knji\u017eara - online knji\u017eara\",\"description\":\"online knjzara\",\"publisher\":{\"@id\":\"https:\/\/www.znaksagite.com\/knjizara\/#organization\"},\"potentialAction\":[{\"@type\":\"SearchAction\",\"target\":{\"@type\":\"EntryPoint\",\"urlTemplate\":\"https:\/\/www.znaksagite.com\/knjizara\/?s={search_term_string}\"},\"query-input\":{\"@type\":\"PropertyValueSpecification\",\"valueRequired\":true,\"valueName\":\"search_term_string\"}}],\"inLanguage\":\"sr-RS\"},{\"@type\":\"Organization\",\"@id\":\"https:\/\/www.znaksagite.com\/knjizara\/#organization\",\"name\":\"\u010cudna knji\u017eara\",\"url\":\"https:\/\/www.znaksagite.com\/knjizara\/\",\"logo\":{\"@type\":\"ImageObject\",\"inLanguage\":\"sr-RS\",\"@id\":\"https:\/\/www.znaksagite.com\/knjizara\/#\/schema\/logo\/image\/\",\"url\":\"https:\/\/www.znaksagite.com\/knjizara\/wp-content\/uploads\/2024\/09\/cudna-knjiga-logo.webp\",\"contentUrl\":\"https:\/\/www.znaksagite.com\/knjizara\/wp-content\/uploads\/2024\/09\/cudna-knjiga-logo.webp\",\"width\":150,\"height\":150,\"caption\":\"\u010cudna knji\u017eara\"},\"image\":{\"@id\":\"https:\/\/www.znaksagite.com\/knjizara\/#\/schema\/logo\/image\/\"}}]}<\/script>\n<!-- \/ Yoast SEO plugin. -->","yoast_head_json":{"title":"\u010cAROBNICE CRVENKAPI\u010cINA - \u010cudna knji\u017eara","robots":{"index":"index","follow":"follow","max-snippet":"max-snippet:-1","max-image-preview":"max-image-preview:large","max-video-preview":"max-video-preview:-1"},"canonical":"https:\/\/znaksagite.com\/knjizara\/prodavnica\/carobnice-crvenkapicina\/","og_locale":"sr_RS","og_type":"article","og_title":"\u010cAROBNICE CRVENKAPI\u010cINA - \u010cudna knji\u017eara","og_url":"https:\/\/znaksagite.com\/knjizara\/prodavnica\/carobnice-crvenkapicina\/","og_site_name":"\u010cudna knji\u017eara","article_modified_time":"2024-11-19T19:38:20+00:00","og_image":[{"width":354,"height":581,"url":"https:\/\/znaksagite.com\/knjizara\/wp-content\/uploads\/2024\/11\/Busic.webp","type":"image\/webp"}],"twitter_card":"summary_large_image","twitter_misc":{"Procenjeno vreme \u010ditanja":"1 minut"},"schema":{"@context":"https:\/\/schema.org","@graph":[{"@type":"WebPage","@id":"https:\/\/znaksagite.com\/knjizara\/prodavnica\/carobnice-crvenkapicina\/","url":"https:\/\/znaksagite.com\/knjizara\/prodavnica\/carobnice-crvenkapicina\/","name":"\u010cAROBNICE CRVENKAPI\u010cINA - \u010cudna knji\u017eara","isPartOf":{"@id":"https:\/\/www.znaksagite.com\/knjizara\/#website"},"primaryImageOfPage":{"@id":"https:\/\/znaksagite.com\/knjizara\/prodavnica\/carobnice-crvenkapicina\/#primaryimage"},"image":{"@id":"https:\/\/znaksagite.com\/knjizara\/prodavnica\/carobnice-crvenkapicina\/#primaryimage"},"thumbnailUrl":"https:\/\/www.znaksagite.com\/knjizara\/wp-content\/uploads\/2024\/11\/Busic.webp","datePublished":"2024-11-19T19:28:33+00:00","dateModified":"2024-11-19T19:38:20+00:00","breadcrumb":{"@id":"https:\/\/znaksagite.com\/knjizara\/prodavnica\/carobnice-crvenkapicina\/#breadcrumb"},"inLanguage":"sr-RS","potentialAction":[{"@type":"ReadAction","target":["https:\/\/znaksagite.com\/knjizara\/prodavnica\/carobnice-crvenkapicina\/"]}]},{"@type":"ImageObject","inLanguage":"sr-RS","@id":"https:\/\/znaksagite.com\/knjizara\/prodavnica\/carobnice-crvenkapicina\/#primaryimage","url":"https:\/\/www.znaksagite.com\/knjizara\/wp-content\/uploads\/2024\/11\/Busic.webp","contentUrl":"https:\/\/www.znaksagite.com\/knjizara\/wp-content\/uploads\/2024\/11\/Busic.webp","width":354,"height":581},{"@type":"BreadcrumbList","@id":"https:\/\/znaksagite.com\/knjizara\/prodavnica\/carobnice-crvenkapicina\/#breadcrumb","itemListElement":[{"@type":"ListItem","position":1,"name":"Po\u010detna","item":"https:\/\/www.znaksagite.com\/knjizara\/"},{"@type":"ListItem","position":2,"name":"shop","item":"https:\/\/znaksagite.com\/knjizara\/shop\/"},{"@type":"ListItem","position":3,"name":"\u010cAROBNICE CRVENKAPI\u010cINA"}]},{"@type":"WebSite","@id":"https:\/\/www.znaksagite.com\/knjizara\/#website","url":"https:\/\/www.znaksagite.com\/knjizara\/","name":"\u010cudna knji\u017eara - online knji\u017eara","description":"online knjzara","publisher":{"@id":"https:\/\/www.znaksagite.com\/knjizara\/#organization"},"potentialAction":[{"@type":"SearchAction","target":{"@type":"EntryPoint","urlTemplate":"https:\/\/www.znaksagite.com\/knjizara\/?s={search_term_string}"},"query-input":{"@type":"PropertyValueSpecification","valueRequired":true,"valueName":"search_term_string"}}],"inLanguage":"sr-RS"},{"@type":"Organization","@id":"https:\/\/www.znaksagite.com\/knjizara\/#organization","name":"\u010cudna knji\u017eara","url":"https:\/\/www.znaksagite.com\/knjizara\/","logo":{"@type":"ImageObject","inLanguage":"sr-RS","@id":"https:\/\/www.znaksagite.com\/knjizara\/#\/schema\/logo\/image\/","url":"https:\/\/www.znaksagite.com\/knjizara\/wp-content\/uploads\/2024\/09\/cudna-knjiga-logo.webp","contentUrl":"https:\/\/www.znaksagite.com\/knjizara\/wp-content\/uploads\/2024\/09\/cudna-knjiga-logo.webp","width":150,"height":150,"caption":"\u010cudna knji\u017eara"},"image":{"@id":"https:\/\/www.znaksagite.com\/knjizara\/#\/schema\/logo\/image\/"}}]}},"_links":{"self":[{"href":"https:\/\/www.znaksagite.com\/knjizara\/wp-json\/wp\/v2\/product\/18723","targetHints":{"allow":["GET"]}}],"collection":[{"href":"https:\/\/www.znaksagite.com\/knjizara\/wp-json\/wp\/v2\/product"}],"about":[{"href":"https:\/\/www.znaksagite.com\/knjizara\/wp-json\/wp\/v2\/types\/product"}],"version-history":[{"count":1,"href":"https:\/\/www.znaksagite.com\/knjizara\/wp-json\/wp\/v2\/product\/18723\/revisions"}],"predecessor-version":[{"id":18724,"href":"https:\/\/www.znaksagite.com\/knjizara\/wp-json\/wp\/v2\/product\/18723\/revisions\/18724"}],"wp:featuredmedia":[{"embeddable":true,"href":"https:\/\/www.znaksagite.com\/knjizara\/wp-json\/wp\/v2\/media\/18664"}],"wp:attachment":[{"href":"https:\/\/www.znaksagite.com\/knjizara\/wp-json\/wp\/v2\/media?parent=18723"}],"wp:term":[{"taxonomy":"product_brand","embeddable":true,"href":"https:\/\/www.znaksagite.com\/knjizara\/wp-json\/wp\/v2\/product_brand?post=18723"},{"taxonomy":"product_cat","embeddable":true,"href":"https:\/\/www.znaksagite.com\/knjizara\/wp-json\/wp\/v2\/product_cat?post=18723"},{"taxonomy":"product_tag","embeddable":true,"href":"https:\/\/www.znaksagite.com\/knjizara\/wp-json\/wp\/v2\/product_tag?post=18723"}],"curies":[{"name":"wp","href":"https:\/\/api.w.org\/{rel}","templated":true}]}}