{"id":19911,"date":"2025-10-20T23:05:17","date_gmt":"2025-10-20T21:05:17","guid":{"rendered":"https:\/\/znaksagite.com\/knjizara\/prodavnica\/srpska-ekonimija-za-pocetnike-2\/"},"modified":"2025-10-20T23:05:21","modified_gmt":"2025-10-20T21:05:21","slug":"srpska-ekonimija-za-pocetnike-2","status":"publish","type":"product","link":"https:\/\/www.znaksagite.com\/knjizara\/prodavnica\/srpska-ekonimija-za-pocetnike-2\/","title":{"rendered":"SRPSKA EKONIMIJA ZA PO\u010cETNIKE"},"content":{"rendered":"","protected":false},"excerpt":{"rendered":"<p>SRPSKA EKONIMIJA ZA PO\u010cETNIKE &#8211; \u010caslav Kuzmanovi\u0107<\/p>\n","protected":false},"featured_media":18665,"template":"","meta":[],"product_brand":[359],"product_cat":[277],"product_tag":[],"class_list":{"0":"post-19911","1":"product","2":"type-product","3":"status-publish","4":"has-post-thumbnail","6":"product_brand-caslav-kuzmanovic","7":"product_cat-casopisi","9":"first","10":"instock","11":"purchasable","12":"product-type-simple"},"yoast_head":"<!-- This site is optimized with the Yoast SEO plugin v26.6 - https:\/\/yoast.com\/wordpress\/plugins\/seo\/ -->\n<title>SRPSKA EKONIMIJA ZA PO\u010cETNIKE - \u010cudna knji\u017eara<\/title>\n<meta name=\"robots\" content=\"index, follow, max-snippet:-1, max-image-preview:large, max-video-preview:-1\" \/>\n<link rel=\"canonical\" href=\"https:\/\/www.znaksagite.com\/knjizara\/prodavnica\/srpska-ekonimija-za-pocetnike-2\/\" \/>\n<meta property=\"og:locale\" content=\"sr_RS\" \/>\n<meta property=\"og:type\" content=\"article\" \/>\n<meta property=\"og:title\" content=\"SRPSKA EKONIMIJA ZA PO\u010cETNIKE - \u010cudna knji\u017eara\" \/>\n<meta property=\"og:description\" content=\"SRPSKA EKONIMIJA ZA PO\u010cETNIKE - \u010caslav Kuzmanovi\u0107\" \/>\n<meta property=\"og:url\" content=\"https:\/\/www.znaksagite.com\/knjizara\/prodavnica\/srpska-ekonimija-za-pocetnike-2\/\" \/>\n<meta property=\"og:site_name\" content=\"\u010cudna knji\u017eara\" \/>\n<meta property=\"article:modified_time\" content=\"2025-10-20T21:05:21+00:00\" \/>\n<meta property=\"og:image\" content=\"https:\/\/www.znaksagite.com\/knjizara\/wp-content\/uploads\/2024\/11\/caslav1.webp\" \/>\n\t<meta property=\"og:image:width\" content=\"395\" \/>\n\t<meta property=\"og:image:height\" content=\"539\" \/>\n\t<meta property=\"og:image:type\" content=\"image\/webp\" \/>\n<meta name=\"twitter:card\" content=\"summary_large_image\" \/>\n<script type=\"application\/ld+json\" class=\"yoast-schema-graph\">{\"@context\":\"https:\/\/schema.org\",\"@graph\":[{\"@type\":\"WebPage\",\"@id\":\"https:\/\/www.znaksagite.com\/knjizara\/prodavnica\/srpska-ekonimija-za-pocetnike-2\/\",\"url\":\"https:\/\/www.znaksagite.com\/knjizara\/prodavnica\/srpska-ekonimija-za-pocetnike-2\/\",\"name\":\"SRPSKA EKONIMIJA ZA PO\u010cETNIKE - \u010cudna knji\u017eara\",\"isPartOf\":{\"@id\":\"https:\/\/www.znaksagite.com\/knjizara\/#website\"},\"primaryImageOfPage\":{\"@id\":\"https:\/\/www.znaksagite.com\/knjizara\/prodavnica\/srpska-ekonimija-za-pocetnike-2\/#primaryimage\"},\"image\":{\"@id\":\"https:\/\/www.znaksagite.com\/knjizara\/prodavnica\/srpska-ekonimija-za-pocetnike-2\/#primaryimage\"},\"thumbnailUrl\":\"https:\/\/www.znaksagite.com\/knjizara\/wp-content\/uploads\/2024\/11\/caslav1.webp\",\"datePublished\":\"2025-10-20T21:05:17+00:00\",\"dateModified\":\"2025-10-20T21:05:21+00:00\",\"breadcrumb\":{\"@id\":\"https:\/\/www.znaksagite.com\/knjizara\/prodavnica\/srpska-ekonimija-za-pocetnike-2\/#breadcrumb\"},\"inLanguage\":\"sr-RS\",\"potentialAction\":[{\"@type\":\"ReadAction\",\"target\":[\"https:\/\/www.znaksagite.com\/knjizara\/prodavnica\/srpska-ekonimija-za-pocetnike-2\/\"]}]},{\"@type\":\"ImageObject\",\"inLanguage\":\"sr-RS\",\"@id\":\"https:\/\/www.znaksagite.com\/knjizara\/prodavnica\/srpska-ekonimija-za-pocetnike-2\/#primaryimage\",\"url\":\"https:\/\/www.znaksagite.com\/knjizara\/wp-content\/uploads\/2024\/11\/caslav1.webp\",\"contentUrl\":\"https:\/\/www.znaksagite.com\/knjizara\/wp-content\/uploads\/2024\/11\/caslav1.webp\",\"width\":395,\"height\":539},{\"@type\":\"BreadcrumbList\",\"@id\":\"https:\/\/www.znaksagite.com\/knjizara\/prodavnica\/srpska-ekonimija-za-pocetnike-2\/#breadcrumb\",\"itemListElement\":[{\"@type\":\"ListItem\",\"position\":1,\"name\":\"Po\u010detna\",\"item\":\"https:\/\/www.znaksagite.com\/knjizara\/\"},{\"@type\":\"ListItem\",\"position\":2,\"name\":\"shop\",\"item\":\"https:\/\/znaksagite.com\/knjizara\/shop\/\"},{\"@type\":\"ListItem\",\"position\":3,\"name\":\"SRPSKA EKONIMIJA ZA PO\u010cETNIKE\"}]},{\"@type\":\"WebSite\",\"@id\":\"https:\/\/www.znaksagite.com\/knjizara\/#website\",\"url\":\"https:\/\/www.znaksagite.com\/knjizara\/\",\"name\":\"\u010cudna knji\u017eara - online knji\u017eara\",\"description\":\"online knjzara\",\"publisher\":{\"@id\":\"https:\/\/www.znaksagite.com\/knjizara\/#organization\"},\"potentialAction\":[{\"@type\":\"SearchAction\",\"target\":{\"@type\":\"EntryPoint\",\"urlTemplate\":\"https:\/\/www.znaksagite.com\/knjizara\/?s={search_term_string}\"},\"query-input\":{\"@type\":\"PropertyValueSpecification\",\"valueRequired\":true,\"valueName\":\"search_term_string\"}}],\"inLanguage\":\"sr-RS\"},{\"@type\":\"Organization\",\"@id\":\"https:\/\/www.znaksagite.com\/knjizara\/#organization\",\"name\":\"\u010cudna knji\u017eara\",\"url\":\"https:\/\/www.znaksagite.com\/knjizara\/\",\"logo\":{\"@type\":\"ImageObject\",\"inLanguage\":\"sr-RS\",\"@id\":\"https:\/\/www.znaksagite.com\/knjizara\/#\/schema\/logo\/image\/\",\"url\":\"https:\/\/www.znaksagite.com\/knjizara\/wp-content\/uploads\/2024\/09\/cudna-knjiga-logo.webp\",\"contentUrl\":\"https:\/\/www.znaksagite.com\/knjizara\/wp-content\/uploads\/2024\/09\/cudna-knjiga-logo.webp\",\"width\":150,\"height\":150,\"caption\":\"\u010cudna knji\u017eara\"},\"image\":{\"@id\":\"https:\/\/www.znaksagite.com\/knjizara\/#\/schema\/logo\/image\/\"}}]}<\/script>\n<!-- \/ Yoast SEO plugin. -->","yoast_head_json":{"title":"SRPSKA EKONIMIJA ZA PO\u010cETNIKE - \u010cudna knji\u017eara","robots":{"index":"index","follow":"follow","max-snippet":"max-snippet:-1","max-image-preview":"max-image-preview:large","max-video-preview":"max-video-preview:-1"},"canonical":"https:\/\/www.znaksagite.com\/knjizara\/prodavnica\/srpska-ekonimija-za-pocetnike-2\/","og_locale":"sr_RS","og_type":"article","og_title":"SRPSKA EKONIMIJA ZA PO\u010cETNIKE - \u010cudna knji\u017eara","og_description":"SRPSKA EKONIMIJA ZA PO\u010cETNIKE - \u010caslav Kuzmanovi\u0107","og_url":"https:\/\/www.znaksagite.com\/knjizara\/prodavnica\/srpska-ekonimija-za-pocetnike-2\/","og_site_name":"\u010cudna knji\u017eara","article_modified_time":"2025-10-20T21:05:21+00:00","og_image":[{"width":395,"height":539,"url":"https:\/\/www.znaksagite.com\/knjizara\/wp-content\/uploads\/2024\/11\/caslav1.webp","type":"image\/webp"}],"twitter_card":"summary_large_image","schema":{"@context":"https:\/\/schema.org","@graph":[{"@type":"WebPage","@id":"https:\/\/www.znaksagite.com\/knjizara\/prodavnica\/srpska-ekonimija-za-pocetnike-2\/","url":"https:\/\/www.znaksagite.com\/knjizara\/prodavnica\/srpska-ekonimija-za-pocetnike-2\/","name":"SRPSKA EKONIMIJA ZA PO\u010cETNIKE - \u010cudna knji\u017eara","isPartOf":{"@id":"https:\/\/www.znaksagite.com\/knjizara\/#website"},"primaryImageOfPage":{"@id":"https:\/\/www.znaksagite.com\/knjizara\/prodavnica\/srpska-ekonimija-za-pocetnike-2\/#primaryimage"},"image":{"@id":"https:\/\/www.znaksagite.com\/knjizara\/prodavnica\/srpska-ekonimija-za-pocetnike-2\/#primaryimage"},"thumbnailUrl":"https:\/\/www.znaksagite.com\/knjizara\/wp-content\/uploads\/2024\/11\/caslav1.webp","datePublished":"2025-10-20T21:05:17+00:00","dateModified":"2025-10-20T21:05:21+00:00","breadcrumb":{"@id":"https:\/\/www.znaksagite.com\/knjizara\/prodavnica\/srpska-ekonimija-za-pocetnike-2\/#breadcrumb"},"inLanguage":"sr-RS","potentialAction":[{"@type":"ReadAction","target":["https:\/\/www.znaksagite.com\/knjizara\/prodavnica\/srpska-ekonimija-za-pocetnike-2\/"]}]},{"@type":"ImageObject","inLanguage":"sr-RS","@id":"https:\/\/www.znaksagite.com\/knjizara\/prodavnica\/srpska-ekonimija-za-pocetnike-2\/#primaryimage","url":"https:\/\/www.znaksagite.com\/knjizara\/wp-content\/uploads\/2024\/11\/caslav1.webp","contentUrl":"https:\/\/www.znaksagite.com\/knjizara\/wp-content\/uploads\/2024\/11\/caslav1.webp","width":395,"height":539},{"@type":"BreadcrumbList","@id":"https:\/\/www.znaksagite.com\/knjizara\/prodavnica\/srpska-ekonimija-za-pocetnike-2\/#breadcrumb","itemListElement":[{"@type":"ListItem","position":1,"name":"Po\u010detna","item":"https:\/\/www.znaksagite.com\/knjizara\/"},{"@type":"ListItem","position":2,"name":"shop","item":"https:\/\/znaksagite.com\/knjizara\/shop\/"},{"@type":"ListItem","position":3,"name":"SRPSKA EKONIMIJA ZA PO\u010cETNIKE"}]},{"@type":"WebSite","@id":"https:\/\/www.znaksagite.com\/knjizara\/#website","url":"https:\/\/www.znaksagite.com\/knjizara\/","name":"\u010cudna knji\u017eara - online knji\u017eara","description":"online knjzara","publisher":{"@id":"https:\/\/www.znaksagite.com\/knjizara\/#organization"},"potentialAction":[{"@type":"SearchAction","target":{"@type":"EntryPoint","urlTemplate":"https:\/\/www.znaksagite.com\/knjizara\/?s={search_term_string}"},"query-input":{"@type":"PropertyValueSpecification","valueRequired":true,"valueName":"search_term_string"}}],"inLanguage":"sr-RS"},{"@type":"Organization","@id":"https:\/\/www.znaksagite.com\/knjizara\/#organization","name":"\u010cudna knji\u017eara","url":"https:\/\/www.znaksagite.com\/knjizara\/","logo":{"@type":"ImageObject","inLanguage":"sr-RS","@id":"https:\/\/www.znaksagite.com\/knjizara\/#\/schema\/logo\/image\/","url":"https:\/\/www.znaksagite.com\/knjizara\/wp-content\/uploads\/2024\/09\/cudna-knjiga-logo.webp","contentUrl":"https:\/\/www.znaksagite.com\/knjizara\/wp-content\/uploads\/2024\/09\/cudna-knjiga-logo.webp","width":150,"height":150,"caption":"\u010cudna knji\u017eara"},"image":{"@id":"https:\/\/www.znaksagite.com\/knjizara\/#\/schema\/logo\/image\/"}}]}},"_links":{"self":[{"href":"https:\/\/www.znaksagite.com\/knjizara\/wp-json\/wp\/v2\/product\/19911","targetHints":{"allow":["GET"]}}],"collection":[{"href":"https:\/\/www.znaksagite.com\/knjizara\/wp-json\/wp\/v2\/product"}],"about":[{"href":"https:\/\/www.znaksagite.com\/knjizara\/wp-json\/wp\/v2\/types\/product"}],"version-history":[{"count":1,"href":"https:\/\/www.znaksagite.com\/knjizara\/wp-json\/wp\/v2\/product\/19911\/revisions"}],"predecessor-version":[{"id":19912,"href":"https:\/\/www.znaksagite.com\/knjizara\/wp-json\/wp\/v2\/product\/19911\/revisions\/19912"}],"wp:featuredmedia":[{"embeddable":true,"href":"https:\/\/www.znaksagite.com\/knjizara\/wp-json\/wp\/v2\/media\/18665"}],"wp:attachment":[{"href":"https:\/\/www.znaksagite.com\/knjizara\/wp-json\/wp\/v2\/media?parent=19911"}],"wp:term":[{"taxonomy":"product_brand","embeddable":true,"href":"https:\/\/www.znaksagite.com\/knjizara\/wp-json\/wp\/v2\/product_brand?post=19911"},{"taxonomy":"product_cat","embeddable":true,"href":"https:\/\/www.znaksagite.com\/knjizara\/wp-json\/wp\/v2\/product_cat?post=19911"},{"taxonomy":"product_tag","embeddable":true,"href":"https:\/\/www.znaksagite.com\/knjizara\/wp-json\/wp\/v2\/product_tag?post=19911"}],"curies":[{"name":"wp","href":"https:\/\/api.w.org\/{rel}","templated":true}]}}