{"id":20079,"date":"2025-10-20T23:07:20","date_gmt":"2025-10-20T21:07:20","guid":{"rendered":"https:\/\/znaksagite.com\/knjizara\/prodavnica\/pesma-boginje-kali\/"},"modified":"2025-10-20T23:07:24","modified_gmt":"2025-10-20T21:07:24","slug":"pesma-boginje-kali","status":"publish","type":"product","link":"https:\/\/www.znaksagite.com\/knjizara\/prodavnica\/pesma-boginje-kali\/","title":{"rendered":"PESMA BOGINJE KALI"},"content":{"rendered":"","protected":false},"excerpt":{"rendered":"<p>PESMA BOGINJE KALI &#8211; Den Simons<\/p>\n","protected":false},"featured_media":0,"template":"","meta":[],"product_brand":[394],"product_cat":[312],"product_tag":[],"class_list":{"0":"post-20079","1":"product","2":"type-product","3":"status-publish","5":"product_brand-den-simons","6":"product_cat-strani-romani","8":"first","9":"instock","10":"purchasable","11":"product-type-simple"},"yoast_head":"<!-- This site is optimized with the Yoast SEO plugin v26.6 - https:\/\/yoast.com\/wordpress\/plugins\/seo\/ -->\n<title>PESMA BOGINJE KALI - \u010cudna knji\u017eara<\/title>\n<meta name=\"robots\" content=\"index, follow, max-snippet:-1, max-image-preview:large, max-video-preview:-1\" \/>\n<link rel=\"canonical\" href=\"https:\/\/www.znaksagite.com\/knjizara\/prodavnica\/pesma-boginje-kali\/\" \/>\n<meta property=\"og:locale\" content=\"sr_RS\" \/>\n<meta property=\"og:type\" content=\"article\" \/>\n<meta property=\"og:title\" content=\"PESMA BOGINJE KALI - \u010cudna knji\u017eara\" \/>\n<meta property=\"og:description\" content=\"PESMA BOGINJE KALI - Den Simons\" \/>\n<meta property=\"og:url\" content=\"https:\/\/www.znaksagite.com\/knjizara\/prodavnica\/pesma-boginje-kali\/\" \/>\n<meta property=\"og:site_name\" content=\"\u010cudna knji\u017eara\" \/>\n<meta property=\"article:modified_time\" content=\"2025-10-20T21:07:24+00:00\" \/>\n<meta name=\"twitter:card\" content=\"summary_large_image\" \/>\n<script type=\"application\/ld+json\" class=\"yoast-schema-graph\">{\"@context\":\"https:\/\/schema.org\",\"@graph\":[{\"@type\":\"WebPage\",\"@id\":\"https:\/\/www.znaksagite.com\/knjizara\/prodavnica\/pesma-boginje-kali\/\",\"url\":\"https:\/\/www.znaksagite.com\/knjizara\/prodavnica\/pesma-boginje-kali\/\",\"name\":\"PESMA BOGINJE KALI - \u010cudna knji\u017eara\",\"isPartOf\":{\"@id\":\"https:\/\/www.znaksagite.com\/knjizara\/#website\"},\"datePublished\":\"2025-10-20T21:07:20+00:00\",\"dateModified\":\"2025-10-20T21:07:24+00:00\",\"breadcrumb\":{\"@id\":\"https:\/\/www.znaksagite.com\/knjizara\/prodavnica\/pesma-boginje-kali\/#breadcrumb\"},\"inLanguage\":\"sr-RS\",\"potentialAction\":[{\"@type\":\"ReadAction\",\"target\":[\"https:\/\/www.znaksagite.com\/knjizara\/prodavnica\/pesma-boginje-kali\/\"]}]},{\"@type\":\"BreadcrumbList\",\"@id\":\"https:\/\/www.znaksagite.com\/knjizara\/prodavnica\/pesma-boginje-kali\/#breadcrumb\",\"itemListElement\":[{\"@type\":\"ListItem\",\"position\":1,\"name\":\"Po\u010detna\",\"item\":\"https:\/\/www.znaksagite.com\/knjizara\/\"},{\"@type\":\"ListItem\",\"position\":2,\"name\":\"shop\",\"item\":\"https:\/\/znaksagite.com\/knjizara\/shop\/\"},{\"@type\":\"ListItem\",\"position\":3,\"name\":\"PESMA BOGINJE KALI\"}]},{\"@type\":\"WebSite\",\"@id\":\"https:\/\/www.znaksagite.com\/knjizara\/#website\",\"url\":\"https:\/\/www.znaksagite.com\/knjizara\/\",\"name\":\"\u010cudna knji\u017eara - online knji\u017eara\",\"description\":\"online knjzara\",\"publisher\":{\"@id\":\"https:\/\/www.znaksagite.com\/knjizara\/#organization\"},\"potentialAction\":[{\"@type\":\"SearchAction\",\"target\":{\"@type\":\"EntryPoint\",\"urlTemplate\":\"https:\/\/www.znaksagite.com\/knjizara\/?s={search_term_string}\"},\"query-input\":{\"@type\":\"PropertyValueSpecification\",\"valueRequired\":true,\"valueName\":\"search_term_string\"}}],\"inLanguage\":\"sr-RS\"},{\"@type\":\"Organization\",\"@id\":\"https:\/\/www.znaksagite.com\/knjizara\/#organization\",\"name\":\"\u010cudna knji\u017eara\",\"url\":\"https:\/\/www.znaksagite.com\/knjizara\/\",\"logo\":{\"@type\":\"ImageObject\",\"inLanguage\":\"sr-RS\",\"@id\":\"https:\/\/www.znaksagite.com\/knjizara\/#\/schema\/logo\/image\/\",\"url\":\"https:\/\/www.znaksagite.com\/knjizara\/wp-content\/uploads\/2024\/09\/cudna-knjiga-logo.webp\",\"contentUrl\":\"https:\/\/www.znaksagite.com\/knjizara\/wp-content\/uploads\/2024\/09\/cudna-knjiga-logo.webp\",\"width\":150,\"height\":150,\"caption\":\"\u010cudna knji\u017eara\"},\"image\":{\"@id\":\"https:\/\/www.znaksagite.com\/knjizara\/#\/schema\/logo\/image\/\"}}]}<\/script>\n<!-- \/ Yoast SEO plugin. -->","yoast_head_json":{"title":"PESMA BOGINJE KALI - \u010cudna knji\u017eara","robots":{"index":"index","follow":"follow","max-snippet":"max-snippet:-1","max-image-preview":"max-image-preview:large","max-video-preview":"max-video-preview:-1"},"canonical":"https:\/\/www.znaksagite.com\/knjizara\/prodavnica\/pesma-boginje-kali\/","og_locale":"sr_RS","og_type":"article","og_title":"PESMA BOGINJE KALI - \u010cudna knji\u017eara","og_description":"PESMA BOGINJE KALI - Den Simons","og_url":"https:\/\/www.znaksagite.com\/knjizara\/prodavnica\/pesma-boginje-kali\/","og_site_name":"\u010cudna knji\u017eara","article_modified_time":"2025-10-20T21:07:24+00:00","twitter_card":"summary_large_image","schema":{"@context":"https:\/\/schema.org","@graph":[{"@type":"WebPage","@id":"https:\/\/www.znaksagite.com\/knjizara\/prodavnica\/pesma-boginje-kali\/","url":"https:\/\/www.znaksagite.com\/knjizara\/prodavnica\/pesma-boginje-kali\/","name":"PESMA BOGINJE KALI - \u010cudna knji\u017eara","isPartOf":{"@id":"https:\/\/www.znaksagite.com\/knjizara\/#website"},"datePublished":"2025-10-20T21:07:20+00:00","dateModified":"2025-10-20T21:07:24+00:00","breadcrumb":{"@id":"https:\/\/www.znaksagite.com\/knjizara\/prodavnica\/pesma-boginje-kali\/#breadcrumb"},"inLanguage":"sr-RS","potentialAction":[{"@type":"ReadAction","target":["https:\/\/www.znaksagite.com\/knjizara\/prodavnica\/pesma-boginje-kali\/"]}]},{"@type":"BreadcrumbList","@id":"https:\/\/www.znaksagite.com\/knjizara\/prodavnica\/pesma-boginje-kali\/#breadcrumb","itemListElement":[{"@type":"ListItem","position":1,"name":"Po\u010detna","item":"https:\/\/www.znaksagite.com\/knjizara\/"},{"@type":"ListItem","position":2,"name":"shop","item":"https:\/\/znaksagite.com\/knjizara\/shop\/"},{"@type":"ListItem","position":3,"name":"PESMA BOGINJE KALI"}]},{"@type":"WebSite","@id":"https:\/\/www.znaksagite.com\/knjizara\/#website","url":"https:\/\/www.znaksagite.com\/knjizara\/","name":"\u010cudna knji\u017eara - online knji\u017eara","description":"online knjzara","publisher":{"@id":"https:\/\/www.znaksagite.com\/knjizara\/#organization"},"potentialAction":[{"@type":"SearchAction","target":{"@type":"EntryPoint","urlTemplate":"https:\/\/www.znaksagite.com\/knjizara\/?s={search_term_string}"},"query-input":{"@type":"PropertyValueSpecification","valueRequired":true,"valueName":"search_term_string"}}],"inLanguage":"sr-RS"},{"@type":"Organization","@id":"https:\/\/www.znaksagite.com\/knjizara\/#organization","name":"\u010cudna knji\u017eara","url":"https:\/\/www.znaksagite.com\/knjizara\/","logo":{"@type":"ImageObject","inLanguage":"sr-RS","@id":"https:\/\/www.znaksagite.com\/knjizara\/#\/schema\/logo\/image\/","url":"https:\/\/www.znaksagite.com\/knjizara\/wp-content\/uploads\/2024\/09\/cudna-knjiga-logo.webp","contentUrl":"https:\/\/www.znaksagite.com\/knjizara\/wp-content\/uploads\/2024\/09\/cudna-knjiga-logo.webp","width":150,"height":150,"caption":"\u010cudna knji\u017eara"},"image":{"@id":"https:\/\/www.znaksagite.com\/knjizara\/#\/schema\/logo\/image\/"}}]}},"_links":{"self":[{"href":"https:\/\/www.znaksagite.com\/knjizara\/wp-json\/wp\/v2\/product\/20079","targetHints":{"allow":["GET"]}}],"collection":[{"href":"https:\/\/www.znaksagite.com\/knjizara\/wp-json\/wp\/v2\/product"}],"about":[{"href":"https:\/\/www.znaksagite.com\/knjizara\/wp-json\/wp\/v2\/types\/product"}],"version-history":[{"count":1,"href":"https:\/\/www.znaksagite.com\/knjizara\/wp-json\/wp\/v2\/product\/20079\/revisions"}],"predecessor-version":[{"id":20080,"href":"https:\/\/www.znaksagite.com\/knjizara\/wp-json\/wp\/v2\/product\/20079\/revisions\/20080"}],"wp:attachment":[{"href":"https:\/\/www.znaksagite.com\/knjizara\/wp-json\/wp\/v2\/media?parent=20079"}],"wp:term":[{"taxonomy":"product_brand","embeddable":true,"href":"https:\/\/www.znaksagite.com\/knjizara\/wp-json\/wp\/v2\/product_brand?post=20079"},{"taxonomy":"product_cat","embeddable":true,"href":"https:\/\/www.znaksagite.com\/knjizara\/wp-json\/wp\/v2\/product_cat?post=20079"},{"taxonomy":"product_tag","embeddable":true,"href":"https:\/\/www.znaksagite.com\/knjizara\/wp-json\/wp\/v2\/product_tag?post=20079"}],"curies":[{"name":"wp","href":"https:\/\/api.w.org\/{rel}","templated":true}]}}